{"id":1261,"date":"2020-08-06T08:21:34","date_gmt":"2020-08-06T08:21:34","guid":{"rendered":"https:\/\/www.lazoupa.ch\/?page_id=1261"},"modified":"2024-12-11T17:33:43","modified_gmt":"2024-12-11T17:33:43","slug":"gut-zu-wissen","status":"publish","type":"page","link":"https:\/\/www.lazoupa.ch\/en\/gut-zu-wissen\/","title":{"rendered":"Produkte \/ Handhabung"},"content":{"rendered":"\t\t<div data-elementor-type=\"wp-page\" data-elementor-id=\"1261\" class=\"elementor elementor-1261\">\n\t\t\t\t\t\t<div class=\"elementor-inner\">\n\t\t\t\t<div class=\"elementor-section-wrap\">\n\t\t\t\t\t\t\t\t\t<section class=\"elementor-section elementor-top-section elementor-element elementor-element-394fcb1 elementor-section-boxed elementor-section-height-default elementor-section-height-default\" data-id=\"394fcb1\" data-element_type=\"section\">\n\t\t\t\t\t\t<div class=\"elementor-container elementor-column-gap-default\">\n\t\t\t\t\t\t\t<div class=\"elementor-row\">\n\t\t\t\t\t<div class=\"elementor-column elementor-col-100 elementor-top-column elementor-element elementor-element-9415e30\" data-id=\"9415e30\" data-element_type=\"column\">\n\t\t\t<div class=\"elementor-column-wrap elementor-element-populated\">\n\t\t\t\t\t\t\t<div class=\"elementor-widget-wrap\">\n\t\t\t\t\t\t<div class=\"elementor-element elementor-element-c4fbc6d elementor-widget elementor-widget-text-editor\" data-id=\"c4fbc6d\" data-element_type=\"widget\" data-widget_type=\"text-editor.default\">\n\t\t\t\t<div class=\"elementor-widget-container\">\n\t\t\t\t\t\t\t\t<div class=\"elementor-text-editor elementor-clearfix\">\n\t\t\t\t\t\t\t\t\t<\/div>\n\t\t\t\t\t\t<\/div>\n\t\t\t\t<\/div>\n\t\t\t\t<div class=\"elementor-element elementor-element-2c77b10 elementor-widget elementor-widget-accordion\" data-id=\"2c77b10\" data-element_type=\"widget\" data-widget_type=\"accordion.default\">\n\t\t\t\t<div class=\"elementor-widget-container\">\n\t\t\t\t\t<div class=\"elementor-accordion\" role=\"tablist\">\n\t\t\t\t\t\t\t<div class=\"elementor-accordion-item\">\n\t\t\t\t\t<div id=\"elementor-tab-title-4661\" class=\"elementor-tab-title\" data-tab=\"1\" role=\"tab\" aria-controls=\"elementor-tab-content-4661\" aria-expanded=\"false\">\n\t\t\t\t\t\t\t\t\t\t\t\t\t<span class=\"elementor-accordion-icon elementor-accordion-icon-left\" aria-hidden=\"true\">\n\t\t\t\t\t\t\t\t\t\t\t\t\t\t\t<span class=\"elementor-accordion-icon-closed\"><i class=\"fas fa-plus\"><\/i><\/span>\n\t\t\t\t\t\t\t\t<span class=\"elementor-accordion-icon-opened\"><i class=\"fas fa-minus\"><\/i><\/span>\n\t\t\t\t\t\t\t\t\t\t\t\t\t\t<\/span>\n\t\t\t\t\t\t\t\t\t\t\t\t<a class=\"elementor-accordion-title\" href=\"\"> Produkte<\/a>\n\t\t\t\t\t<\/div>\n\t\t\t\t\t<div id=\"elementor-tab-content-4661\" class=\"elementor-tab-content elementor-clearfix\" data-tab=\"1\" role=\"tabpanel\" aria-labelledby=\"elementor-tab-title-4661\"><p>Zu den\u00a0<a href=\"https:\/\/www.lazoupa.ch\/alle-gerichte\/\" target=\"_blank\" rel=\"noopener\">Produkten<\/a><\/p><\/div>\n\t\t\t\t<\/div>\n\t\t\t\t\t\t\t<div class=\"elementor-accordion-item\">\n\t\t\t\t\t<div id=\"elementor-tab-title-4662\" class=\"elementor-tab-title\" data-tab=\"2\" role=\"tab\" aria-controls=\"elementor-tab-content-4662\" aria-expanded=\"false\">\n\t\t\t\t\t\t\t\t\t\t\t\t\t<span class=\"elementor-accordion-icon elementor-accordion-icon-left\" aria-hidden=\"true\">\n\t\t\t\t\t\t\t\t\t\t\t\t\t\t\t<span class=\"elementor-accordion-icon-closed\"><i class=\"fas fa-plus\"><\/i><\/span>\n\t\t\t\t\t\t\t\t<span class=\"elementor-accordion-icon-opened\"><i class=\"fas fa-minus\"><\/i><\/span>\n\t\t\t\t\t\t\t\t\t\t\t\t\t\t<\/span>\n\t\t\t\t\t\t\t\t\t\t\t\t<a class=\"elementor-accordion-title\" href=\"\">AUFW\u00c4RMEN<\/a>\n\t\t\t\t\t<\/div>\n\t\t\t\t\t<div id=\"elementor-tab-content-4662\" class=\"elementor-tab-content elementor-clearfix\" data-tab=\"2\" role=\"tabpanel\" aria-labelledby=\"elementor-tab-title-4662\"><p><span style=\"font-family: AkzidenzGrotesk, sans-serif; font-weight: var( --e-global-typography-text-font-weight );\">Die folgenden Angaben sind grobe Richtwerte, welche nach Ger\u00e4t, Gericht und Portionengr\u00f6sse variieren. Spezifischere Infos sind im Shop beim jeweiligen Gericht unter dem Button Zutaten\/N\u00e4hrwerte\/ Aufw\u00e4rmen zu finden.<\/span><\/p>\n<p><span style=\"font-family: AkzidenzGrotesk, sans-serif;\"><b>In der Mikrowelle<\/b><\/span><\/p>\n<p><img loading=\"lazy\" decoding=\"async\" src=\"https:\/\/www.lazoupa.ch\/wp-content\/uploads\/2021\/02\/Mikrowelle-6.png\" alt=\"\" width=\"800\" height=\"200\"><\/p>\n<p>Deckel lose auf den Becher legen.<\/p>\n<p>&#8211; Bei Gerichten die nicht Suppe sind, 1-2 Essl\u00f6ffel Wasser zugeben.<\/p>\n<p>&#8211; Auf 700 W einstellen, bei mehr trocknen die Gerichte aus.<\/p>\n<p>&#8211; Mehrere Gerichte zusammen im Mikrowellenofen verl\u00e4ngern die Aufw\u00e4rmzeit.<\/p>\n<p>&#8211; Das Bundesamt f\u00fcr Gesundheit (BAG), best\u00e4tigt, dass sich Gerichte in der Mikrowelle nicht anders ver\u00e4ndern, als wenn sie in der Pfanne, im Wasserbad oder im Steamer gew\u00e4rmt werden.&nbsp;<\/p>\n<p><strong>In der Pfanne&nbsp;<\/strong><\/p>\n<p>Becher kurz unter heisses Wasser halten, damit sich der gefrorene Inhalt l\u00f6st.<\/p>\n<p>Vor dem Aufw\u00e4rmen Wasser zugeben:<\/p>\n<p>Bei Suppen und Suppeneint\u00f6pfen 1 &#8211; 2 Essl\u00f6ffel.&nbsp;<\/p>\n<p>Bei Gerichten und Salaten 2 &#8211; 3 Essl\u00f6ffel.<\/p>\n<p>Pasta, Risotto, Tabouleh, Reis und Sp\u00e4tzli nur sehr langsam auf kleiner Temperatur aufw\u00e4rmen und umr\u00fchren.<\/p>\n<p><img loading=\"lazy\" decoding=\"async\" src=\"https:\/\/www.lazoupa.ch\/wp-content\/uploads\/2021\/02\/Pfanne-5.png\" alt=\"\" width=\"800\" height=\"200\"><\/p>\n<p><strong>Im Wasserbad oder Steamer&nbsp;<\/strong><\/p>\n<p>Becher unge\u00f6ffnet ins siedende Wasser oder in den Steamer geben. (Steamer auf 100\u00b0C einstellen).<\/p>\n<p><img loading=\"lazy\" decoding=\"async\" src=\"https:\/\/www.lazoupa.ch\/wp-content\/uploads\/2021\/02\/Steamer-6.png\" alt=\"\" width=\"800\" height=\"200\"><\/p>\n<p><\/p><\/div>\n\t\t\t\t<\/div>\n\t\t\t\t\t\t\t<div class=\"elementor-accordion-item\">\n\t\t\t\t\t<div id=\"elementor-tab-title-4663\" class=\"elementor-tab-title\" data-tab=\"3\" role=\"tab\" aria-controls=\"elementor-tab-content-4663\" aria-expanded=\"false\">\n\t\t\t\t\t\t\t\t\t\t\t\t\t<span class=\"elementor-accordion-icon elementor-accordion-icon-left\" aria-hidden=\"true\">\n\t\t\t\t\t\t\t\t\t\t\t\t\t\t\t<span class=\"elementor-accordion-icon-closed\"><i class=\"fas fa-plus\"><\/i><\/span>\n\t\t\t\t\t\t\t\t<span class=\"elementor-accordion-icon-opened\"><i class=\"fas fa-minus\"><\/i><\/span>\n\t\t\t\t\t\t\t\t\t\t\t\t\t\t<\/span>\n\t\t\t\t\t\t\t\t\t\t\t\t<a class=\"elementor-accordion-title\" href=\"\">BITTE NICHT VERKOCHEN<\/a>\n\t\t\t\t\t<\/div>\n\t\t\t\t\t<div id=\"elementor-tab-content-4663\" class=\"elementor-tab-content elementor-clearfix\" data-tab=\"3\" role=\"tabpanel\" aria-labelledby=\"elementor-tab-title-4663\"><p>LaZoupa Gerichte sind fixfertig gekocht, zu langes W\u00e4rmen schadet der Qualit\u00e4t.\u00a0<\/p><p>Am besten vor Ablauf der angegeben Aufw\u00e4rmzeit probieren.<\/p><\/div>\n\t\t\t\t<\/div>\n\t\t\t\t\t\t\t<div class=\"elementor-accordion-item\">\n\t\t\t\t\t<div id=\"elementor-tab-title-4664\" class=\"elementor-tab-title\" data-tab=\"4\" role=\"tab\" aria-controls=\"elementor-tab-content-4664\" aria-expanded=\"false\">\n\t\t\t\t\t\t\t\t\t\t\t\t\t<span class=\"elementor-accordion-icon elementor-accordion-icon-left\" aria-hidden=\"true\">\n\t\t\t\t\t\t\t\t\t\t\t\t\t\t\t<span class=\"elementor-accordion-icon-closed\"><i class=\"fas fa-plus\"><\/i><\/span>\n\t\t\t\t\t\t\t\t<span class=\"elementor-accordion-icon-opened\"><i class=\"fas fa-minus\"><\/i><\/span>\n\t\t\t\t\t\t\t\t\t\t\t\t\t\t<\/span>\n\t\t\t\t\t\t\t\t\t\t\t\t<a class=\"elementor-accordion-title\" href=\"\">AUFTAUEN<\/a>\n\t\t\t\t\t<\/div>\n\t\t\t\t\t<div id=\"elementor-tab-content-4664\" class=\"elementor-tab-content elementor-clearfix\" data-tab=\"4\" role=\"tabpanel\" aria-labelledby=\"elementor-tab-title-4664\"><ul><li>In Raumtemperatur ca. 2 \u2013 3 Stunden.<\/li><li>Im K\u00fchlschrank 5\u00b0C mind. 36 Stunden.<\/li><li>Im Wasserbad 7-11\u00a0 Minuten. Becher unge\u00f6ffnet in maximal 6 cm siedendes Wasser stellen und Pfannendeckel drauf.<\/li><li>Im Steamer 7 &#8211; 11 Minuten. (100\u00b0C einstellen).<\/li><li>In der Mikrowelle 700 W (nur ein Becher in der Mikrowelle) \u00a02 \u2013 7 Minuten.<\/li><\/ul><\/div>\n\t\t\t\t<\/div>\n\t\t\t\t\t\t\t<div class=\"elementor-accordion-item\">\n\t\t\t\t\t<div id=\"elementor-tab-title-4665\" class=\"elementor-tab-title\" data-tab=\"5\" role=\"tab\" aria-controls=\"elementor-tab-content-4665\" aria-expanded=\"false\">\n\t\t\t\t\t\t\t\t\t\t\t\t\t<span class=\"elementor-accordion-icon elementor-accordion-icon-left\" aria-hidden=\"true\">\n\t\t\t\t\t\t\t\t\t\t\t\t\t\t\t<span class=\"elementor-accordion-icon-closed\"><i class=\"fas fa-plus\"><\/i><\/span>\n\t\t\t\t\t\t\t\t<span class=\"elementor-accordion-icon-opened\"><i class=\"fas fa-minus\"><\/i><\/span>\n\t\t\t\t\t\t\t\t\t\t\t\t\t\t<\/span>\n\t\t\t\t\t\t\t\t\t\t\t\t<a class=\"elementor-accordion-title\" href=\"\">ZEIT UND ENERGIE SPAREN<\/a>\n\t\t\t\t\t<\/div>\n\t\t\t\t\t<div id=\"elementor-tab-content-4665\" class=\"elementor-tab-content elementor-clearfix\" data-tab=\"5\" role=\"tabpanel\" aria-labelledby=\"elementor-tab-title-4665\"><p>LaZoupa Gerichte zwei, drei Stunden vor dem Aufw\u00e4rmen in Raumtemperatur stellen:<\/p><p>Aufw\u00e4rmen dauert die halbe Zeit, spart Energie und die Umwelt dankt.<\/p><p>Gek\u00fchlte oder kalt zu geniessende Zoupas sind dann bereits servierbereit.\u00a0<\/p><\/div>\n\t\t\t\t<\/div>\n\t\t\t\t\t\t\t<div class=\"elementor-accordion-item\">\n\t\t\t\t\t<div id=\"elementor-tab-title-4666\" class=\"elementor-tab-title\" data-tab=\"6\" role=\"tab\" aria-controls=\"elementor-tab-content-4666\" aria-expanded=\"false\">\n\t\t\t\t\t\t\t\t\t\t\t\t\t<span class=\"elementor-accordion-icon elementor-accordion-icon-left\" aria-hidden=\"true\">\n\t\t\t\t\t\t\t\t\t\t\t\t\t\t\t<span class=\"elementor-accordion-icon-closed\"><i class=\"fas fa-plus\"><\/i><\/span>\n\t\t\t\t\t\t\t\t<span class=\"elementor-accordion-icon-opened\"><i class=\"fas fa-minus\"><\/i><\/span>\n\t\t\t\t\t\t\t\t\t\t\t\t\t\t<\/span>\n\t\t\t\t\t\t\t\t\t\t\t\t<a class=\"elementor-accordion-title\" href=\"\">HALTBARKEIT \/ ISS DEN HALBEN BECHER<\/a>\n\t\t\t\t\t<\/div>\n\t\t\t\t\t<div id=\"elementor-tab-content-4666\" class=\"elementor-tab-content elementor-clearfix\" data-tab=\"6\" role=\"tabpanel\" aria-labelledby=\"elementor-tab-title-4666\"><p>LaZoupa bleibt im Tiefk\u00fchler mindestens 1 Jahr nach Produktionsdatum haltbar (Siehe Ablaufdatum am Produkt).\u00a0<\/p><p>Einmal aufgetaut im K\u00fchlschrank bei max. 5\u00b0C mindestens 6 Tage (Fischprodukte 3 Tage).\u00a0<\/p><p>Nach dem Auftauen nicht wieder einfrieren.<\/p><p>Wer nur den halben Becher isst, gibt die andere H\u00e4lfte im LaZoupa Becher mit Deckel drauf in den K\u00fchlschrank und kann die andere H\u00e4lfte mindesten\u00a06 Tage nach dem Auftaudatum ohne Qualit\u00e4tseinbusse geniessen.\u00a0\u00a0<\/p><\/div>\n\t\t\t\t<\/div>\n\t\t\t\t\t\t\t<div class=\"elementor-accordion-item\">\n\t\t\t\t\t<div id=\"elementor-tab-title-4667\" class=\"elementor-tab-title\" data-tab=\"7\" role=\"tab\" aria-controls=\"elementor-tab-content-4667\" aria-expanded=\"false\">\n\t\t\t\t\t\t\t\t\t\t\t\t\t<span class=\"elementor-accordion-icon elementor-accordion-icon-left\" aria-hidden=\"true\">\n\t\t\t\t\t\t\t\t\t\t\t\t\t\t\t<span class=\"elementor-accordion-icon-closed\"><i class=\"fas fa-plus\"><\/i><\/span>\n\t\t\t\t\t\t\t\t<span class=\"elementor-accordion-icon-opened\"><i class=\"fas fa-minus\"><\/i><\/span>\n\t\t\t\t\t\t\t\t\t\t\t\t\t\t<\/span>\n\t\t\t\t\t\t\t\t\t\t\t\t<a class=\"elementor-accordion-title\" href=\"\">GEK\u00dcHLTE UND LAUWARME LAZOUPAS`S<\/a>\n\t\t\t\t\t<\/div>\n\t\t\t\t\t<div id=\"elementor-tab-content-4667\" class=\"elementor-tab-content elementor-clearfix\" data-tab=\"7\" role=\"tabpanel\" aria-labelledby=\"elementor-tab-title-4667\"><p><b>Diese Suppen sind gek\u00fchlt ein besonderer Genuss:<\/b><\/p>\n<p>&#8211; Karottensuppe mit Mango u. Ingwer<\/p>\n<p>&#8211; Tomatensuppe mit Tonka Gew\u00fcrz<\/p>\n<p>&#8211; Erbsensuppe mit Minze<\/p>\n<p>&#8211; Tomaten Suppe mit Tabasco &amp;Vodka (Bloody Marry)<\/p>\n<p>&#8211; Zitronengras Suppe mit Litschis<\/p>\n<p><strong>Gewusst wie<\/strong>: Nach der H\u00e4lfte der angegebenen Aufw\u00e4rmzeit, den noch leicht gefrorenen Teil mit einem Schwingbesen zerstossen und mit dem fl\u00fcssigen, warmen Teil vermischen, fertig. Aus dem K\u00fchlschrank sind gek\u00fchlte Zoupas servierbereit.<\/p>\n<p><b>Gerichte die Kalt oder Lauwarm am besten schmecken:<\/b><\/p>\n<p>&#8211; Linsen Salat mit Gem\u00fcse &amp; Apfel<\/p>\n<p>&#8211; Tabouleh Salat mit Gem\u00fcse &amp; Oliven<\/p>\n<p>&#8211; Curry Salat Marrakesh<\/p>\n<p>&#8211; Glasnudel Rindfleischsalat<\/p>\n<p>&#8211; Thai-Rindfleischsalat mit Gem\u00fcse<\/p>\n<p><strong style=\"font-family: AkzidenzGrotesk, sans-serif;\">Gewusst wie aufw\u00e4rmen:<\/strong><\/p>\n<p><span style=\"font-family: AkzidenzGrotesk, sans-serif;\">Ohne Energieverbrauch, gefrorenes Gericht 2 Stunden in Raumtemperatur stellen, fertig.<\/span><\/p>\n<p><span style=\"font-family: AkzidenzGrotesk, sans-serif;\">Oder am Vortag in den K\u00fchlschrank<\/span><span style=\"font-family: AkzidenzGrotesk, sans-serif; font-weight: var( --e-global-typography-text-font-weight );\">&nbsp;stellen, rausnehmen, fertig.<\/span><\/p>\n<p><span style=\"font-family: AkzidenzGrotesk, sans-serif; font-weight: var( --e-global-typography-text-font-weight );\">Oder im LaZoupa Online-Shop beim entsprechenden Gericht auf Aufw\u00e4rmen Infos finden.&nbsp;<\/span><\/p><\/div>\n\t\t\t\t<\/div>\n\t\t\t\t\t\t\t<div class=\"elementor-accordion-item\">\n\t\t\t\t\t<div id=\"elementor-tab-title-4668\" class=\"elementor-tab-title\" data-tab=\"8\" role=\"tab\" aria-controls=\"elementor-tab-content-4668\" aria-expanded=\"false\">\n\t\t\t\t\t\t\t\t\t\t\t\t\t<span class=\"elementor-accordion-icon elementor-accordion-icon-left\" aria-hidden=\"true\">\n\t\t\t\t\t\t\t\t\t\t\t\t\t\t\t<span class=\"elementor-accordion-icon-closed\"><i class=\"fas fa-plus\"><\/i><\/span>\n\t\t\t\t\t\t\t\t<span class=\"elementor-accordion-icon-opened\"><i class=\"fas fa-minus\"><\/i><\/span>\n\t\t\t\t\t\t\t\t\t\t\t\t\t\t<\/span>\n\t\t\t\t\t\t\t\t\t\t\t\t<a class=\"elementor-accordion-title\" href=\"\">WARUM TIEFGEK\u00dcHLT<\/a>\n\t\t\t\t\t<\/div>\n\t\t\t\t\t<div id=\"elementor-tab-content-4668\" class=\"elementor-tab-content elementor-clearfix\" data-tab=\"8\" role=\"tabpanel\" aria-labelledby=\"elementor-tab-title-4668\"><p>LaZoupa wird tiefgek\u00fchlt im mikrowellentauglichen Becher angeboten. Dank der Schockgefrierung kommt LaZoupa ohne Zugabe von Konservierungsmittel aus. Die Vitamine bleiben erhalten und das Essen kommt so bei Ihnen an, wie es unsere K\u00fcche verl\u00e4sst. Wir tun das, was in vielen guten Haushalten gemacht wird: Gerichte mit Liebe zubereiten und einfrieren. Die Haltbarkeit nach dem Auftauen im K\u00fchlschrank bei 5\u00b0C betr\u00e4gt mindestens 6 Tage ohne den geringsten Qualit\u00e4tsverlust. Dies wird regelm\u00e4ssig vom Labor \u00fcberpr\u00fcft.<\/p>\n<p>Toll dabei ist\u201a dass Dank der Tiefk\u00fchlung und der langen Haltbarkeit weniger LaZoupas vergeudet werden, als dies bei anderen Esswaren mit k\u00fcrzerem Ablaufdatum leider viel zu oft der Fall ist.<\/p><\/div>\n\t\t\t\t<\/div>\n\t\t\t\t\t\t\t<div class=\"elementor-accordion-item\">\n\t\t\t\t\t<div id=\"elementor-tab-title-4669\" class=\"elementor-tab-title\" data-tab=\"9\" role=\"tab\" aria-controls=\"elementor-tab-content-4669\" aria-expanded=\"false\">\n\t\t\t\t\t\t\t\t\t\t\t\t\t<span class=\"elementor-accordion-icon elementor-accordion-icon-left\" aria-hidden=\"true\">\n\t\t\t\t\t\t\t\t\t\t\t\t\t\t\t<span class=\"elementor-accordion-icon-closed\"><i class=\"fas fa-plus\"><\/i><\/span>\n\t\t\t\t\t\t\t\t<span class=\"elementor-accordion-icon-opened\"><i class=\"fas fa-minus\"><\/i><\/span>\n\t\t\t\t\t\t\t\t\t\t\t\t\t\t<\/span>\n\t\t\t\t\t\t\t\t\t\t\t\t<a class=\"elementor-accordion-title\" href=\"\">DER POLYPROPYLEN BECHER<\/a>\n\t\t\t\t\t<\/div>\n\t\t\t\t\t<div id=\"elementor-tab-content-4669\" class=\"elementor-tab-content elementor-clearfix\" data-tab=\"9\" role=\"tabpanel\" aria-labelledby=\"elementor-tab-title-4669\"><p>Der LaZoupa Becher ist ohne Weichmacher und gibt weder beim Schockgefrieren noch beim Erhitzen im Mikrowellenger\u00e4t, Bain Marie, Steamer oder in der Pfanne Ger\u00fcche oder Stoffe ab.\u00a0<\/p><p>Helft uns die Schweiz sauber zu halten und entsorgt die leeren LaZoupa Becher bei Grossverteilern im Plastikabfall. (Jogurt-, Shampoo- und Putzmittelverpackungen).<\/p><p>Wenn uns die gesp\u00fclten Becher zur\u00fcckgeschickt werden, sorgen wir f\u00fcr das Recycling. Die Umwelt dankt.<\/p><\/div>\n\t\t\t\t<\/div>\n\t\t\t\t\t\t\t<div class=\"elementor-accordion-item\">\n\t\t\t\t\t<div id=\"elementor-tab-title-46610\" class=\"elementor-tab-title\" data-tab=\"10\" role=\"tab\" aria-controls=\"elementor-tab-content-46610\" aria-expanded=\"false\">\n\t\t\t\t\t\t\t\t\t\t\t\t\t<span class=\"elementor-accordion-icon elementor-accordion-icon-left\" aria-hidden=\"true\">\n\t\t\t\t\t\t\t\t\t\t\t\t\t\t\t<span class=\"elementor-accordion-icon-closed\"><i class=\"fas fa-plus\"><\/i><\/span>\n\t\t\t\t\t\t\t\t<span class=\"elementor-accordion-icon-opened\"><i class=\"fas fa-minus\"><\/i><\/span>\n\t\t\t\t\t\t\t\t\t\t\t\t\t\t<\/span>\n\t\t\t\t\t\t\t\t\t\t\t\t<a class=\"elementor-accordion-title\" href=\"\">FRAGEN<\/a>\n\t\t\t\t\t<\/div>\n\t\t\t\t\t<div id=\"elementor-tab-content-46610\" class=\"elementor-tab-content elementor-clearfix\" data-tab=\"10\" role=\"tabpanel\" aria-labelledby=\"elementor-tab-title-46610\"><p>F\u00fcr Fragen und Feedback jederzeit:<\/p><p><a href=\"mailto:contact@lazoupa.ch\">contact@lazoupa.ch<\/a>\u00a0oder 044 457 70 63<\/p><\/div>\n\t\t\t\t<\/div>\n\t\t\t\t\t\t\t\t<\/div>\n\t\t\t\t<\/div>\n\t\t\t\t<\/div>\n\t\t\t\t\t\t<\/div>\n\t\t\t\t\t<\/div>\n\t\t<\/div>\n\t\t\t\t\t\t\t\t<\/div>\n\t\t\t\t\t<\/div>\n\t\t<\/section>\n\t\t\t\t\t\t\t\t\t<\/div>\n\t\t\t<\/div>\n\t\t\t\t\t<\/div>\n\t\t","protected":false},"excerpt":{"rendered":"<p>Produkte Zu den\u00a0Produkten AUFW\u00c4RMEN Die folgenden Angaben sind grobe Richtwerte, welche nach Ger\u00e4t, Gericht und Portionengr\u00f6sse variieren. Spezifischere Infos sind im Shop beim jeweiligen Gericht unter dem Button Zutaten\/N\u00e4hrwerte\/ Aufw\u00e4rmen zu finden. In der Mikrowelle Deckel lose auf den Becher legen. &#8211; Bei Gerichten die nicht Suppe sind, 1-2 Essl\u00f6ffel Wasser zugeben. &#8211; Auf 700 [&hellip;]<\/p>\n","protected":false},"author":1,"featured_media":0,"parent":0,"menu_order":0,"comment_status":"closed","ping_status":"closed","template":"","meta":{"footnotes":""},"class_list":["post-1261","page","type-page","status-publish","hentry"],"translation":{"provider":"WPGlobus","version":"2.10.10","language":"en","enabled_languages":["de","en","fr"],"languages":{"de":{"title":true,"content":true,"excerpt":false},"en":{"title":false,"content":false,"excerpt":false},"fr":{"title":false,"content":false,"excerpt":false}}},"acf":[],"_links":{"self":[{"href":"https:\/\/www.lazoupa.ch\/en\/wp-json\/wp\/v2\/pages\/1261","targetHints":{"allow":["GET"]}}],"collection":[{"href":"https:\/\/www.lazoupa.ch\/en\/wp-json\/wp\/v2\/pages"}],"about":[{"href":"https:\/\/www.lazoupa.ch\/en\/wp-json\/wp\/v2\/types\/page"}],"author":[{"embeddable":true,"href":"https:\/\/www.lazoupa.ch\/en\/wp-json\/wp\/v2\/users\/1"}],"replies":[{"embeddable":true,"href":"https:\/\/www.lazoupa.ch\/en\/wp-json\/wp\/v2\/comments?post=1261"}],"version-history":[{"count":122,"href":"https:\/\/www.lazoupa.ch\/en\/wp-json\/wp\/v2\/pages\/1261\/revisions"}],"predecessor-version":[{"id":2780,"href":"https:\/\/www.lazoupa.ch\/en\/wp-json\/wp\/v2\/pages\/1261\/revisions\/2780"}],"wp:attachment":[{"href":"https:\/\/www.lazoupa.ch\/en\/wp-json\/wp\/v2\/media?parent=1261"}],"curies":[{"name":"wp","href":"https:\/\/api.w.org\/{rel}","templated":true}]}}