{"id":13,"date":"2017-11-08T11:19:06","date_gmt":"2017-11-08T11:19:06","guid":{"rendered":"https:\/\/www.lazoupa.ch\/?page_id=13"},"modified":"2023-03-25T10:15:56","modified_gmt":"2023-03-25T10:15:56","slug":"fur-unternehmen","status":"publish","type":"page","link":"https:\/\/www.lazoupa.ch\/en\/fur-unternehmen\/","title":{"rendered":"Im Unternehmen"},"content":{"rendered":"<h2><strong>Mitarbeiter ges\u00fcnder ern\u00e4hren &#8211; Das Essen liefern wir!<\/strong><\/h2>\n<h2 style=\"text-align: left;\"><span style=\"font-weight: 400;\"><span style=\"color: #000000;\"><strong>Ganz einfach:<\/strong><\/span> <\/span><\/h2>\n<p><span style=\"font-weight: 400;\">Tiefk\u00fchler, Mikrowellenger\u00e4te, allenfalls Herdplatten und Pf\u00e4nnchen bereitstellen \u2013 und fertig ist das Gourmet Personalrestaurant. Ein Mitarbeiter gibt die LaZoupa Mahlzeitenbecher heraus, kassiert und bestellt bei LaZoupa nach. Die Mitarbeiter erw\u00e4rmen ihre Gerichte selber direkt im Verkaufsbecher.<\/span><\/p>\n<p><img loading=\"lazy\" decoding=\"async\" class=\"alignnone wp-image-360 size-medium\" src=\"https:\/\/www.lazoupa.ch\/wp-content\/uploads\/2017\/11\/Image_Freezer_Microwave_transparent-300x248.png\" alt=\"\" width=\"300\" height=\"248\" srcset=\"https:\/\/www.lazoupa.ch\/wp-content\/uploads\/2017\/11\/Image_Freezer_Microwave_transparent-300x248.png 300w, https:\/\/www.lazoupa.ch\/wp-content\/uploads\/2017\/11\/Image_Freezer_Microwave_transparent-600x497.png 600w, https:\/\/www.lazoupa.ch\/wp-content\/uploads\/2017\/11\/Image_Freezer_Microwave_transparent-768x636.png 768w, https:\/\/www.lazoupa.ch\/wp-content\/uploads\/2017\/11\/Image_Freezer_Microwave_transparent-1024x848.png 1024w, https:\/\/www.lazoupa.ch\/wp-content\/uploads\/2017\/11\/Image_Freezer_Microwave_transparent.png 1159w\" sizes=\"auto, (max-width: 300px) 100vw, 300px\" \/><\/p>\n<h2><span style=\"font-weight: 400;\"><span style=\"color: #000000;\"><strong>Noch einfacher:<\/strong><\/span><\/span><\/h2>\n<p><span style=\"font-weight: 400;\">Der LaZoupa Verkaufsautomat \u00fcbernimmt die Arbeit. Bezahlt wird mit Kreditkarte oder Mitarbeiter-Badge. Der Automat meldet uns telemetrisch, wenn wir nachf\u00fcllen m\u00fcssen. Aus einer Auswahl von \u00fcber 40 Gerichten aus K\u00fcchen alles Welt stellen wir ein variierendes, saisonales Men\u00fc zur Verf\u00fcgung.\u00a0<\/span><\/p>\n<p>Ihr finanzieller Aufwand beschr\u00e4nkt sich lediglich auf die Maschinenmiete von monatlich CHF 450.- (exkl. MWST)<\/p>\n<p><img loading=\"lazy\" decoding=\"async\" class=\"wp-image-362 size-medium alignnone\" src=\"https:\/\/www.lazoupa.ch\/wp-content\/uploads\/2017\/11\/Image_Freezing_Wendingmachine_transparent-199x300.png\" alt=\"\" width=\"199\" height=\"300\" srcset=\"https:\/\/www.lazoupa.ch\/wp-content\/uploads\/2017\/11\/Image_Freezing_Wendingmachine_transparent-199x300.png 199w, https:\/\/www.lazoupa.ch\/wp-content\/uploads\/2017\/11\/Image_Freezing_Wendingmachine_transparent-600x906.png 600w, https:\/\/www.lazoupa.ch\/wp-content\/uploads\/2017\/11\/Image_Freezing_Wendingmachine_transparent-768x1159.png 768w, https:\/\/www.lazoupa.ch\/wp-content\/uploads\/2017\/11\/Image_Freezing_Wendingmachine_transparent-678x1024.png 678w, https:\/\/www.lazoupa.ch\/wp-content\/uploads\/2017\/11\/Image_Freezing_Wendingmachine_transparent.png 848w\" sizes=\"auto, (max-width: 199px) 100vw, 199px\" \/><\/p>\n<h2><\/h2>\n<h2>\u00a0<strong>Das Beste daran ist:<\/strong><\/h2>\n<ul>\n<li style=\"font-weight: 400;\"><span style=\"font-weight: 400;\">Minimaler finanzieller und personeller Aufwand<\/span><\/li>\n<li style=\"font-weight: 400;\"><span style=\"font-weight: 400;\">Grosse Auswahl und kulinarischer Genuss <\/span><\/li>\n<li style=\"font-weight: 400;\"><span style=\"font-weight: 400;\">Weniger Lieferantenfahrten zur Nachf\u00fcllungen als bei K\u00fchlautomaten<\/span><\/li>\n<li style=\"font-weight: 400;\"><span style=\"font-weight: 400;\">Kein Food Waste<\/span><\/li>\n<li style=\"font-weight: 400;\"><span style=\"font-weight: 400;\">Essen rund um die Uhr<\/span><\/li>\n<li>Weniger Stromverbrauch beim Automaten, da keine T\u00fcr\u00f6ffnung beim Herausholen der Gerichte.<\/li>\n<\/ul>\n<p><span style=\"font-weight: 400;\">Gerne beraten wir Sie unter Telefonnummer <a href=\"tel:0444577063\">044 457 70 63<\/a> oder per\u00a0E-Mail <a href=\"mailto:contact@lazoupa.ch\">contact@lazoupa.ch<\/a>\u00a0und organisieren auf Wunsch eine Degustation<\/span><\/p>\n<h2>Leomat:\u00a0Unser Partner f\u00fcr Kaffee-, Getr\u00e4nke und Snackautomaten:<\/h2>\n<p><img loading=\"lazy\" decoding=\"async\" class=\"wp-image-582 alignright\" src=\"https:\/\/www.lazoupa.ch\/wp-content\/uploads\/2018\/05\/Bildschirmfoto-2018-05-17-um-15.54.32.png\" alt=\"\" width=\"122\" height=\"54\" \/><\/p>\n","protected":false},"excerpt":{"rendered":"<p>Mitarbeiter ges\u00fcnder ern\u00e4hren &#8211; Das Essen liefern wir! Ganz einfach: Tiefk\u00fchler, Mikrowellenger\u00e4te, allenfalls Herdplatten und Pf\u00e4nnchen bereitstellen \u2013 und fertig ist das Gourmet Personalrestaurant. Ein Mitarbeiter gibt die LaZoupa Mahlzeitenbecher heraus, kassiert und bestellt bei LaZoupa nach. Die Mitarbeiter erw\u00e4rmen ihre Gerichte selber direkt im Verkaufsbecher. Noch einfacher: Der LaZoupa Verkaufsautomat \u00fcbernimmt die Arbeit. Bezahlt [&hellip;]<\/p>\n","protected":false},"author":1,"featured_media":233,"parent":0,"menu_order":0,"comment_status":"closed","ping_status":"closed","template":"","meta":{"footnotes":""},"class_list":["post-13","page","type-page","status-publish","has-post-thumbnail","hentry"],"translation":{"provider":"WPGlobus","version":"2.10.10","language":"en","enabled_languages":["de","en","fr"],"languages":{"de":{"title":true,"content":true,"excerpt":false},"en":{"title":false,"content":false,"excerpt":false},"fr":{"title":false,"content":false,"excerpt":false}}},"acf":[],"_links":{"self":[{"href":"https:\/\/www.lazoupa.ch\/en\/wp-json\/wp\/v2\/pages\/13","targetHints":{"allow":["GET"]}}],"collection":[{"href":"https:\/\/www.lazoupa.ch\/en\/wp-json\/wp\/v2\/pages"}],"about":[{"href":"https:\/\/www.lazoupa.ch\/en\/wp-json\/wp\/v2\/types\/page"}],"author":[{"embeddable":true,"href":"https:\/\/www.lazoupa.ch\/en\/wp-json\/wp\/v2\/users\/1"}],"replies":[{"embeddable":true,"href":"https:\/\/www.lazoupa.ch\/en\/wp-json\/wp\/v2\/comments?post=13"}],"version-history":[{"count":69,"href":"https:\/\/www.lazoupa.ch\/en\/wp-json\/wp\/v2\/pages\/13\/revisions"}],"predecessor-version":[{"id":2369,"href":"https:\/\/www.lazoupa.ch\/en\/wp-json\/wp\/v2\/pages\/13\/revisions\/2369"}],"wp:featuredmedia":[{"embeddable":true,"href":"https:\/\/www.lazoupa.ch\/en\/wp-json\/wp\/v2\/media\/233"}],"wp:attachment":[{"href":"https:\/\/www.lazoupa.ch\/en\/wp-json\/wp\/v2\/media?parent=13"}],"curies":[{"name":"wp","href":"https:\/\/api.w.org\/{rel}","templated":true}]}}