{"id":17,"date":"2017-11-08T11:19:29","date_gmt":"2017-11-08T11:19:29","guid":{"rendered":"https:\/\/www.lazoupa.ch\/?page_id=17"},"modified":"2023-03-25T10:17:31","modified_gmt":"2023-03-25T10:17:31","slug":"caterings","status":"publish","type":"page","link":"https:\/\/www.lazoupa.ch\/en\/caterings\/","title":{"rendered":"Caterings"},"content":{"rendered":"<h2>Ob Cocktail, Flying Cuisine oder Buffet: Ein Anlass mit LaZoupa ist Erlebnis-Gastronomie ohne Kochen, Stress und hohe Kosten.<\/h2>\n<p>&nbsp;<\/p>\n<p>Dank \u00fcber 40 verschiedenen Gerichten aus den K\u00fcchen der ganzen Welt kommt nie Langeweile auf.<\/p>\n<p><span style=\"font-weight: 400;\">Mit LaZoupa ist es einfach, einen gelungenen Anlass durchzuf\u00fchren. Unter Freunden oder im Business.\u00a0<\/span><\/p>\n<p><span style=\"font-weight: 400;\">Dank dem vielseitigen LaZoupa-Angebot, gek\u00fchlt, kalt, lauwarm oder heiss findet sich immer eine interessante Kombination. Egal ob Ihre G\u00e4ste stehen oder sitzen, egal ob drinnen oder draussen.<\/span><\/p>\n<p><span style=\"font-weight: 400;\">Gerne beraten wir Sie unter Telefonnummer <a href=\"tel:0444577063\">044 457 70 63<\/a> oder E-Mail <a href=\"mailto:contact@lazoupa.ch\">contact@lazoupa.ch<\/a>.<\/span><\/p>\n","protected":false},"excerpt":{"rendered":"<p>Ob Cocktail, Flying Cuisine oder Buffet: Ein Anlass mit LaZoupa ist Erlebnis-Gastronomie ohne Kochen, Stress und hohe Kosten. &nbsp; Dank \u00fcber 40 verschiedenen Gerichten aus den K\u00fcchen der ganzen Welt kommt nie Langeweile auf. Mit LaZoupa ist es einfach, einen gelungenen Anlass durchzuf\u00fchren. Unter Freunden oder im Business.\u00a0 Dank dem vielseitigen LaZoupa-Angebot, gek\u00fchlt, kalt, lauwarm [&hellip;]<\/p>\n","protected":false},"author":1,"featured_media":215,"parent":0,"menu_order":0,"comment_status":"closed","ping_status":"closed","template":"","meta":{"footnotes":""},"class_list":["post-17","page","type-page","status-publish","has-post-thumbnail","hentry"],"translation":{"provider":"WPGlobus","version":"2.10.10","language":"en","enabled_languages":["de","en","fr"],"languages":{"de":{"title":true,"content":true,"excerpt":false},"en":{"title":false,"content":false,"excerpt":false},"fr":{"title":false,"content":false,"excerpt":false}}},"acf":[],"_links":{"self":[{"href":"https:\/\/www.lazoupa.ch\/en\/wp-json\/wp\/v2\/pages\/17","targetHints":{"allow":["GET"]}}],"collection":[{"href":"https:\/\/www.lazoupa.ch\/en\/wp-json\/wp\/v2\/pages"}],"about":[{"href":"https:\/\/www.lazoupa.ch\/en\/wp-json\/wp\/v2\/types\/page"}],"author":[{"embeddable":true,"href":"https:\/\/www.lazoupa.ch\/en\/wp-json\/wp\/v2\/users\/1"}],"replies":[{"embeddable":true,"href":"https:\/\/www.lazoupa.ch\/en\/wp-json\/wp\/v2\/comments?post=17"}],"version-history":[{"count":30,"href":"https:\/\/www.lazoupa.ch\/en\/wp-json\/wp\/v2\/pages\/17\/revisions"}],"predecessor-version":[{"id":2370,"href":"https:\/\/www.lazoupa.ch\/en\/wp-json\/wp\/v2\/pages\/17\/revisions\/2370"}],"wp:featuredmedia":[{"embeddable":true,"href":"https:\/\/www.lazoupa.ch\/en\/wp-json\/wp\/v2\/media\/215"}],"wp:attachment":[{"href":"https:\/\/www.lazoupa.ch\/en\/wp-json\/wp\/v2\/media?parent=17"}],"curies":[{"name":"wp","href":"https:\/\/api.w.org\/{rel}","templated":true}]}}