{"id":25,"date":"2017-11-08T11:21:00","date_gmt":"2017-11-08T11:21:00","guid":{"rendered":"https:\/\/www.lazoupa.ch\/?page_id=25"},"modified":"2023-03-04T11:21:04","modified_gmt":"2023-03-04T11:21:04","slug":"lazoupa-in-den-medien","status":"publish","type":"page","link":"https:\/\/www.lazoupa.ch\/en\/lazoupa-in-den-medien\/","title":{"rendered":"LaZoupa in den Medien"},"content":{"rendered":"<h3>Kundenfeedbacks via Webpage<\/h3>\n<p>Liebes laZoupa-Team<\/p>\n<p>Ich war heute wegen meinem Lieblingstee im Jelmoli Food in Z\u00fcrich und wurde von einer sehr lieben und zuvorkommenden Dame von laZoupa angesprochen. Ich durfte von der Tom Kha Gai Suppe mit Poulet und der Karottensuppe mit Mango und Orange probieren und bin sofort dahingeschmolzen. Ich hatte noch nie so gute Suppen! Vor allem die Tom Kha Gai Suppe hat es mir angetan. Ich war schon \u00f6fters im asiatischen Raum in den Ferien und hatte auch schon oft diese Suppe &#8211; aber noch nie so eine! In mir haben Sie einen neuen Stammkunden gefunden und in Zukunft werde ich nicht nur f\u00fcr meinen Tee in den Jelmoli fahren&#8230;<\/p>\n<p>Super tolle Arbeit und vielen Dank, weiter so!<\/p>\n<p>_______________________________________________________________________________________________________________________________________<\/p>\n<p><span style=\"font-weight: 400;\">Guten Tag,<\/span><\/p>\n<p><span style=\"font-weight: 400;\">Habe k\u00fcrzlich in der Gourmet Factory in Z\u00fcrich ein rotes Gem\u00fcsecurry gekauft. Da ich, was Qualit\u00e4t anbelangt, ziemlich anspruchsvoll bin, hat mich die Qualit\u00e4t voll \u00fcberzeugt. Das Produkt hat zwar einen stolzen Preis, welcher aber voll und ganz gerechtfertigt ist. Meistens sind asiatische Produkte von heimischen Anbietern eine eher schwierige Angelegenheit und verdienen eigentlich den Namen nicht. Halten Sie an Ihrer Strategie fest und produzieren Sie weiterhin auf diesem Niveau. Der Preis spielt dann meist eine subalterne Rolle f\u00fcr den Konsumenten. <\/span><\/p>\n<p>_______________________________________________________________________________________________________________________________________<\/p>\n<p><span style=\"font-weight: 400;\">Guten Morgen,<\/span><\/p>\n<p><span style=\"font-weight: 400;\">K\u00fcrzlich bin ich im Jelmoli auf einige Eurer Suppen &#8220;gestossen&#8221; und dann zu Hause mit Genuss gegessen. Die Auswahl war bei weitem nicht was Ihr so anbietet. Ist es denkbar dass Ihr eine Hauslieferung nach Gockhausen machen w\u00fcrdet? Danke f\u00fcr den Feedback und &#8220;Hut ab&#8221;, was Ihr das macht. <\/span><\/p>\n<p>_______________________________________________________________________________________________________________________________________<\/p>\n<p><span style=\"font-weight: 400;\">Ich habe Ihre Produkte bei der Durchfahrt bei der B\u00e4ckerei Hotz kennen gelernt. Ausgezeichnet.<\/span><\/p>\n<p>_______________________________________________________________________________________________________________________________________<\/p>\n<p><span style=\"font-weight: 400;\">Liebes LaZoupa-Team. Ich bin ein Fan Eurer Produkte, insbesondere der &#8220;Roten Linsensuppe&#8221;.<\/span><\/p>\n<p>_______________________________________________________________________________________________________________________________________<\/p>\n<p class=\"quote\"><span class=\"noQuotes\">Sehr lecker ! Ich liebe dieses Lokal !<\/span><\/p>\n<p>_______________________________________________________________________________________________________________________________________<\/p>\n<p class=\"quote\">Sehr leckere, gesunde und vielf\u00e4ltige Suppen, freundliches und aufgestelltes Personal! Habe bereits mehrmals dort gegesssen und Suppen nach Hause mitgenommen. Preis-Leistungsverh\u00e4ltnis in Ordnung. Kann ich nur empfehlen =)<\/p>\n<p>_______________________________________________________________________________________________________________________________________<\/p>\n<p>Mitarbeiterin sehr nett und freundlich. Hat uns alles erkl\u00e4rt. Immer am lachen und unterhaltsam. Anschliessend haben wir eine K\u00fcrbis-Suppe, eine Gersten-Suppe mit Speck und ein halbes Pastrami Sandwich bestellt. Was f\u00fcr ein Genuss. Ich hatte meine helle Freude. Kann ich nur weiterempfehlen. Weiter so, ein Schritt vor der Perfektion.<\/p>\n<p>_______________________________________________________________________________________________________________________________________<\/p>\n<p>Mit einem L\u00e4cheln Empfangen zu werden und mit gutem Essen wieder davonspazieren am Mittag ist ein Highlight. Gute Suppen, schmackhaftes PotauFeu oder einfach Pasta kommen immer gut an. Etwas teuer im Verh\u00e4ltnis zur Menge, daf\u00fcr ist es mit Sorgfalt zubereitet.<\/p>\n","protected":false},"excerpt":{"rendered":"<p>Kundenfeedbacks via Webpage Liebes laZoupa-Team Ich war heute wegen meinem Lieblingstee im Jelmoli Food in Z\u00fcrich und wurde von einer sehr lieben und zuvorkommenden Dame von laZoupa angesprochen. Ich durfte von der Tom Kha Gai Suppe mit Poulet und der Karottensuppe mit Mango und Orange probieren und bin sofort dahingeschmolzen. Ich hatte noch nie so [&hellip;]<\/p>\n","protected":false},"author":1,"featured_media":31,"parent":0,"menu_order":0,"comment_status":"closed","ping_status":"closed","template":"template-in-the-media.php","meta":{"footnotes":""},"class_list":["post-25","page","type-page","status-publish","has-post-thumbnail","hentry"],"translation":{"provider":"WPGlobus","version":"2.10.10","language":"en","enabled_languages":["de","en","fr"],"languages":{"de":{"title":true,"content":true,"excerpt":false},"en":{"title":false,"content":false,"excerpt":false},"fr":{"title":false,"content":false,"excerpt":false}}},"acf":[],"_links":{"self":[{"href":"https:\/\/www.lazoupa.ch\/en\/wp-json\/wp\/v2\/pages\/25","targetHints":{"allow":["GET"]}}],"collection":[{"href":"https:\/\/www.lazoupa.ch\/en\/wp-json\/wp\/v2\/pages"}],"about":[{"href":"https:\/\/www.lazoupa.ch\/en\/wp-json\/wp\/v2\/types\/page"}],"author":[{"embeddable":true,"href":"https:\/\/www.lazoupa.ch\/en\/wp-json\/wp\/v2\/users\/1"}],"replies":[{"embeddable":true,"href":"https:\/\/www.lazoupa.ch\/en\/wp-json\/wp\/v2\/comments?post=25"}],"version-history":[{"count":37,"href":"https:\/\/www.lazoupa.ch\/en\/wp-json\/wp\/v2\/pages\/25\/revisions"}],"predecessor-version":[{"id":2199,"href":"https:\/\/www.lazoupa.ch\/en\/wp-json\/wp\/v2\/pages\/25\/revisions\/2199"}],"wp:featuredmedia":[{"embeddable":true,"href":"https:\/\/www.lazoupa.ch\/en\/wp-json\/wp\/v2\/media\/31"}],"wp:attachment":[{"href":"https:\/\/www.lazoupa.ch\/en\/wp-json\/wp\/v2\/media?parent=25"}],"curies":[{"name":"wp","href":"https:\/\/api.w.org\/{rel}","templated":true}]}}