{"id":27,"date":"2017-11-08T11:21:27","date_gmt":"2017-11-08T11:21:27","guid":{"rendered":"https:\/\/www.lazoupa.ch\/?page_id=27"},"modified":"2023-03-04T10:46:33","modified_gmt":"2023-03-04T10:46:33","slug":"verkaufe-lazoupa","status":"publish","type":"page","link":"https:\/\/www.lazoupa.ch\/en\/verkaufe-lazoupa\/","title":{"rendered":"Verkaufe LaZoupa"},"content":{"rendered":"<h3>Caf\u00e9s und Bars<\/h3>\n<p><span style=\"font-weight: 400;\">k\u00f6nnen mit Lazoupa ohne Koch und K\u00fcche und ohne Food Waste einzigartiges Essen anbieten.<\/span><\/p>\n<h3>Lebensmittelgesch\u00e4fte<\/h3>\n<p><span style=\"font-weight: 400;\">k\u00f6nnen sich in Ihrem Einzugsgebiet f\u00fcr ern\u00e4hrungsbewusste Kunden einzigartig machen. LaZoupa gibt es weder im Coop noch in der Migros.<\/span><\/p>\n<p><span style=\"font-weight: 400;\">(Bedingung f\u00fcr neue LaZoupa Anbieter ist, das sie nicht im Einzugsgebiet eines bestehenden LaZoupa Partners sind)<\/span><\/p>\n<p><span style=\"font-weight: 400;\">Wir bringen gerne Muster vorbei, Anruf gen\u00fcgt 044 457 70 63 oder <\/span><a href=\"mailto:contact@Iazoupa.ch\"><span style=\"font-weight: 400;\">contact@Iazoupa.ch<\/span><\/a><span style=\"font-weight: 400;\"> .<\/span><\/p>\n<p>Bis bald Ivan Scotti<\/p>\n","protected":false},"excerpt":{"rendered":"<p>Caf\u00e9s und Bars k\u00f6nnen mit Lazoupa ohne Koch und K\u00fcche und ohne Food Waste einzigartiges Essen anbieten. Lebensmittelgesch\u00e4fte k\u00f6nnen sich in Ihrem Einzugsgebiet f\u00fcr ern\u00e4hrungsbewusste Kunden einzigartig machen. LaZoupa gibt es weder im Coop noch in der Migros. (Bedingung f\u00fcr neue LaZoupa Anbieter ist, das sie nicht im Einzugsgebiet eines bestehenden LaZoupa Partners sind) Wir [&hellip;]<\/p>\n","protected":false},"author":1,"featured_media":60,"parent":0,"menu_order":0,"comment_status":"closed","ping_status":"closed","template":"","meta":{"footnotes":""},"class_list":["post-27","page","type-page","status-publish","has-post-thumbnail","hentry"],"translation":{"provider":"WPGlobus","version":"2.10.10","language":"en","enabled_languages":["de","en","fr"],"languages":{"de":{"title":true,"content":true,"excerpt":false},"en":{"title":false,"content":false,"excerpt":false},"fr":{"title":false,"content":false,"excerpt":false}}},"acf":[],"_links":{"self":[{"href":"https:\/\/www.lazoupa.ch\/en\/wp-json\/wp\/v2\/pages\/27","targetHints":{"allow":["GET"]}}],"collection":[{"href":"https:\/\/www.lazoupa.ch\/en\/wp-json\/wp\/v2\/pages"}],"about":[{"href":"https:\/\/www.lazoupa.ch\/en\/wp-json\/wp\/v2\/types\/page"}],"author":[{"embeddable":true,"href":"https:\/\/www.lazoupa.ch\/en\/wp-json\/wp\/v2\/users\/1"}],"replies":[{"embeddable":true,"href":"https:\/\/www.lazoupa.ch\/en\/wp-json\/wp\/v2\/comments?post=27"}],"version-history":[{"count":9,"href":"https:\/\/www.lazoupa.ch\/en\/wp-json\/wp\/v2\/pages\/27\/revisions"}],"predecessor-version":[{"id":2195,"href":"https:\/\/www.lazoupa.ch\/en\/wp-json\/wp\/v2\/pages\/27\/revisions\/2195"}],"wp:featuredmedia":[{"embeddable":true,"href":"https:\/\/www.lazoupa.ch\/en\/wp-json\/wp\/v2\/media\/60"}],"wp:attachment":[{"href":"https:\/\/www.lazoupa.ch\/en\/wp-json\/wp\/v2\/media?parent=27"}],"curies":[{"name":"wp","href":"https:\/\/api.w.org\/{rel}","templated":true}]}}