{"id":1716,"date":"2021-02-27T16:27:57","date_gmt":"2021-02-27T16:27:57","guid":{"rendered":"https:\/\/www.lazoupa.ch\/?post_type=product&#038;p=1716"},"modified":"2026-02-19T13:19:26","modified_gmt":"2026-02-19T13:19:26","slug":"erbsensuppe-mit-minze-2","status":"publish","type":"product","link":"https:\/\/www.lazoupa.ch\/en\/product\/erbsensuppe-mit-minze-2\/","title":{"rendered":"Erbsencreme Suppe mit Minze"},"content":{"rendered":"<p>Ist heiss und gek\u00fchlt ein Genuss. Die Erbsen k\u00f6nnen Ihnen nichts dar\u00fcber erz\u00e4hlen, wie schonend sie in unserer K\u00fcche behandelt wurden. Sie bedanken sich jedoch zusammen mit der Minze mit exzellentem Geschmack.<\/p>\n","protected":false},"excerpt":{"rendered":"<p>Ist heiss und gek\u00fchlt ein Genuss. Die Erbsen k\u00f6nnen Ihnen nichts dar\u00fcber erz\u00e4hlen, wie schonend sie in unserer K\u00fcche behandelt wurden. Sie bedanken sich jedoch zusammen mit der Minze mit exzellentem Geschmack.<\/p>\n","protected":false},"featured_media":215,"comment_status":"open","ping_status":"closed","template":"","meta":[],"product_cat":[41,20,42],"product_tag":[39,29],"class_list":["post-1716","product","type-product","status-publish","has-post-thumbnail","hentry","product_cat-suppen","product_cat-vegetarische-suppen","product_cat-zurueckallegerichteanzeigen","product_tag-glutenfrei","product_tag-vegetarisch"],"translation":{"provider":"WPGlobus","version":"2.10.10","language":"en","enabled_languages":["de","en","fr"],"languages":{"de":{"title":true,"content":true,"excerpt":false},"en":{"title":false,"content":false,"excerpt":false},"fr":{"title":false,"content":false,"excerpt":false}}},"acf":[],"_links":{"self":[{"href":"https:\/\/www.lazoupa.ch\/en\/wp-json\/wp\/v2\/product\/1716","targetHints":{"allow":["GET"]}}],"collection":[{"href":"https:\/\/www.lazoupa.ch\/en\/wp-json\/wp\/v2\/product"}],"about":[{"href":"https:\/\/www.lazoupa.ch\/en\/wp-json\/wp\/v2\/types\/product"}],"replies":[{"embeddable":true,"href":"https:\/\/www.lazoupa.ch\/en\/wp-json\/wp\/v2\/comments?post=1716"}],"wp:featuredmedia":[{"embeddable":true,"href":"https:\/\/www.lazoupa.ch\/en\/wp-json\/wp\/v2\/media\/215"}],"wp:attachment":[{"href":"https:\/\/www.lazoupa.ch\/en\/wp-json\/wp\/v2\/media?parent=1716"}],"wp:term":[{"taxonomy":"product_cat","embeddable":true,"href":"https:\/\/www.lazoupa.ch\/en\/wp-json\/wp\/v2\/product_cat?post=1716"},{"taxonomy":"product_tag","embeddable":true,"href":"https:\/\/www.lazoupa.ch\/en\/wp-json\/wp\/v2\/product_tag?post=1716"}],"curies":[{"name":"wp","href":"https:\/\/api.w.org\/{rel}","templated":true}]}}