{"id":1720,"date":"2021-02-27T16:58:07","date_gmt":"2021-02-27T16:58:07","guid":{"rendered":"https:\/\/www.lazoupa.ch\/?post_type=product&#038;p=1720"},"modified":"2025-09-02T17:30:05","modified_gmt":"2025-09-02T17:30:05","slug":"karottensuppe-mit-mango-und-orange-2","status":"publish","type":"product","link":"https:\/\/www.lazoupa.ch\/en\/product\/karottensuppe-mit-mango-und-orange-2\/","title":{"rendered":"Karottencreme Suppe mit Mango und Ingwer"},"content":{"rendered":"<p>Ist heiss und gek\u00fchlt ein Genuss. Der beste Beweis, dass auch aus einem gew\u00f6hnlichen R\u00fcebli etwas werden kann.<\/p>\n","protected":false},"excerpt":{"rendered":"<p>Ist heiss und gek\u00fchlt ein Genuss. Der beste Beweis, dass auch aus einem gew\u00f6hnlichen R\u00fcebli etwas werden kann.<\/p>\n","protected":false},"featured_media":223,"comment_status":"open","ping_status":"closed","template":"","meta":[],"product_cat":[41,20,42],"product_tag":[39,29],"class_list":["post-1720","product","type-product","status-publish","has-post-thumbnail","hentry","product_cat-suppen","product_cat-vegetarische-suppen","product_cat-zurueckallegerichteanzeigen","product_tag-glutenfrei","product_tag-vegetarisch"],"translation":{"provider":"WPGlobus","version":"2.10.10","language":"en","enabled_languages":["de","en","fr"],"languages":{"de":{"title":true,"content":true,"excerpt":false},"en":{"title":false,"content":false,"excerpt":false},"fr":{"title":false,"content":false,"excerpt":false}}},"acf":[],"_links":{"self":[{"href":"https:\/\/www.lazoupa.ch\/en\/wp-json\/wp\/v2\/product\/1720","targetHints":{"allow":["GET"]}}],"collection":[{"href":"https:\/\/www.lazoupa.ch\/en\/wp-json\/wp\/v2\/product"}],"about":[{"href":"https:\/\/www.lazoupa.ch\/en\/wp-json\/wp\/v2\/types\/product"}],"replies":[{"embeddable":true,"href":"https:\/\/www.lazoupa.ch\/en\/wp-json\/wp\/v2\/comments?post=1720"}],"wp:featuredmedia":[{"embeddable":true,"href":"https:\/\/www.lazoupa.ch\/en\/wp-json\/wp\/v2\/media\/223"}],"wp:attachment":[{"href":"https:\/\/www.lazoupa.ch\/en\/wp-json\/wp\/v2\/media?parent=1720"}],"wp:term":[{"taxonomy":"product_cat","embeddable":true,"href":"https:\/\/www.lazoupa.ch\/en\/wp-json\/wp\/v2\/product_cat?post=1720"},{"taxonomy":"product_tag","embeddable":true,"href":"https:\/\/www.lazoupa.ch\/en\/wp-json\/wp\/v2\/product_tag?post=1720"}],"curies":[{"name":"wp","href":"https:\/\/api.w.org\/{rel}","templated":true}]}}