{"id":1723,"date":"2021-02-27T17:17:07","date_gmt":"2021-02-27T17:17:07","guid":{"rendered":"https:\/\/www.lazoupa.ch\/?post_type=product&#038;p=1723"},"modified":"2025-12-05T09:55:16","modified_gmt":"2025-12-05T09:55:16","slug":"linsen-mit-gemuese-und-apfel","status":"publish","type":"product","link":"https:\/\/www.lazoupa.ch\/en\/product\/linsen-mit-gemuese-und-apfel\/","title":{"rendered":"Linsensalat mit Gem\u00fcse und Apfel"},"content":{"rendered":"<p>Ist kalt oder lauwarm am besten. Ein sorgf\u00e4ltig gekochtes Gericht mit viel gesundem Gem\u00fcse drin. Apfel und Aceto Balsamico machen das Gericht zum Gedicht.<\/p>\n","protected":false},"excerpt":{"rendered":"<p>Ist kalt oder lauwarm am besten. Ein sorgf\u00e4ltig gekochtes Gericht mit viel gesundem Gem\u00fcse drin. Apfel und Aceto Balsamico machen das Gericht zum Gedicht.<\/p>\n","protected":false},"featured_media":225,"comment_status":"open","ping_status":"closed","template":"","meta":[],"product_cat":[23,22,26,42],"product_tag":[40,36,29],"class_list":["post-1723","product","type-product","status-publish","has-post-thumbnail","hentry","product_cat-vegane-gerichte","product_cat-gerichte","product_cat-beilagen","product_cat-zurueckallegerichteanzeigen","product_tag-laktosefrei","product_tag-vegan","product_tag-vegetarisch"],"translation":{"provider":"WPGlobus","version":"2.10.10","language":"en","enabled_languages":["de","en","fr"],"languages":{"de":{"title":true,"content":true,"excerpt":false},"en":{"title":false,"content":false,"excerpt":false},"fr":{"title":false,"content":false,"excerpt":false}}},"acf":[],"_links":{"self":[{"href":"https:\/\/www.lazoupa.ch\/en\/wp-json\/wp\/v2\/product\/1723","targetHints":{"allow":["GET"]}}],"collection":[{"href":"https:\/\/www.lazoupa.ch\/en\/wp-json\/wp\/v2\/product"}],"about":[{"href":"https:\/\/www.lazoupa.ch\/en\/wp-json\/wp\/v2\/types\/product"}],"replies":[{"embeddable":true,"href":"https:\/\/www.lazoupa.ch\/en\/wp-json\/wp\/v2\/comments?post=1723"}],"wp:featuredmedia":[{"embeddable":true,"href":"https:\/\/www.lazoupa.ch\/en\/wp-json\/wp\/v2\/media\/225"}],"wp:attachment":[{"href":"https:\/\/www.lazoupa.ch\/en\/wp-json\/wp\/v2\/media?parent=1723"}],"wp:term":[{"taxonomy":"product_cat","embeddable":true,"href":"https:\/\/www.lazoupa.ch\/en\/wp-json\/wp\/v2\/product_cat?post=1723"},{"taxonomy":"product_tag","embeddable":true,"href":"https:\/\/www.lazoupa.ch\/en\/wp-json\/wp\/v2\/product_tag?post=1723"}],"curies":[{"name":"wp","href":"https:\/\/api.w.org\/{rel}","templated":true}]}}