{"id":222,"date":"2017-12-19T11:30:50","date_gmt":"2017-12-19T11:30:50","guid":{"rendered":"https:\/\/www.lazoupa.ch\/?post_type=products&#038;p=222"},"modified":"2025-10-28T06:11:40","modified_gmt":"2025-10-28T06:11:40","slug":"karottensuppe-mit-mango-und-orange","status":"publish","type":"product","link":"https:\/\/www.lazoupa.ch\/en\/product\/karottensuppe-mit-mango-und-orange\/","title":{"rendered":"Karottencreme Suppe mit Mango und Ingwer"},"content":{"rendered":"<p>Ist heiss und gek\u00fchlt ein Genuss. Der beste Beweis, dass auch aus einem gew\u00f6hnlichen R\u00fcebli etwas werden kann.<\/p>\n","protected":false},"excerpt":{"rendered":"<p>Ist heiss und gek\u00fchlt ein Genuss. Der beste Beweis, dass auch aus einem gew\u00f6hnlichen R\u00fcebli etwas werden kann.<\/p>\n","protected":false},"featured_media":223,"comment_status":"closed","ping_status":"closed","template":"","meta":[],"product_cat":[41,20,42],"product_tag":[39,29],"class_list":["post-222","product","type-product","status-publish","has-post-thumbnail","hentry","product_cat-suppen","product_cat-vegetarische-suppen","product_cat-zurueckallegerichteanzeigen","product_tag-glutenfrei","product_tag-vegetarisch"],"translation":{"provider":"WPGlobus","version":"2.10.10","language":"en","enabled_languages":["de","en","fr"],"languages":{"de":{"title":true,"content":true,"excerpt":false},"en":{"title":false,"content":false,"excerpt":false},"fr":{"title":false,"content":false,"excerpt":false}}},"acf":[],"_links":{"self":[{"href":"https:\/\/www.lazoupa.ch\/en\/wp-json\/wp\/v2\/product\/222","targetHints":{"allow":["GET"]}}],"collection":[{"href":"https:\/\/www.lazoupa.ch\/en\/wp-json\/wp\/v2\/product"}],"about":[{"href":"https:\/\/www.lazoupa.ch\/en\/wp-json\/wp\/v2\/types\/product"}],"replies":[{"embeddable":true,"href":"https:\/\/www.lazoupa.ch\/en\/wp-json\/wp\/v2\/comments?post=222"}],"wp:featuredmedia":[{"embeddable":true,"href":"https:\/\/www.lazoupa.ch\/en\/wp-json\/wp\/v2\/media\/223"}],"wp:attachment":[{"href":"https:\/\/www.lazoupa.ch\/en\/wp-json\/wp\/v2\/media?parent=222"}],"wp:term":[{"taxonomy":"product_cat","embeddable":true,"href":"https:\/\/www.lazoupa.ch\/en\/wp-json\/wp\/v2\/product_cat?post=222"},{"taxonomy":"product_tag","embeddable":true,"href":"https:\/\/www.lazoupa.ch\/en\/wp-json\/wp\/v2\/product_tag?post=222"}],"curies":[{"name":"wp","href":"https:\/\/api.w.org\/{rel}","templated":true}]}}