{"id":238,"date":"2017-12-19T12:13:22","date_gmt":"2017-12-19T12:13:22","guid":{"rendered":"https:\/\/www.lazoupa.ch\/?post_type=products&#038;p=238"},"modified":"2025-09-02T17:30:05","modified_gmt":"2025-09-02T17:30:05","slug":"pot-au-feu","status":"publish","type":"product","link":"https:\/\/www.lazoupa.ch\/en\/product\/pot-au-feu\/","title":{"rendered":"Rindfleischw\u00fcrfel in Bouillon &#038; Gem\u00fcse (Pot au feu)"},"content":{"rendered":"<p>Unsere K\u00f6che halten sich bodenst\u00e4ndig an gutes Schweizer Rindfleisch, an viel bestes Gem\u00fcse, das noch knackig auf Ihrem Teller landet und an die Weisheit \u201eGut Ding will Weile haben\u201c.<\/p>\n","protected":false},"excerpt":{"rendered":"<p>Unsere K\u00f6che halten sich bodenst\u00e4ndig an gutes Schweizer Rindfleisch, an viel bestes Gem\u00fcse, das noch knackig auf Ihrem Teller landet und an die Weisheit \u201eGut Ding will Weile haben\u201c.<\/p>\n","protected":false},"featured_media":239,"comment_status":"closed","ping_status":"closed","template":"","meta":[],"product_cat":[41,21,42],"product_tag":[39,38,40],"class_list":["post-238","product","type-product","status-publish","has-post-thumbnail","hentry","product_cat-suppen","product_cat-suppeneintoepfe-mit-fleisch-gefluegel-oder-fisch","product_cat-zurueckallegerichteanzeigen","product_tag-glutenfrei","product_tag-rindfleisch","product_tag-laktosefrei"],"translation":{"provider":"WPGlobus","version":"2.10.10","language":"en","enabled_languages":["de","en","fr"],"languages":{"de":{"title":true,"content":true,"excerpt":false},"en":{"title":false,"content":false,"excerpt":false},"fr":{"title":false,"content":false,"excerpt":false}}},"acf":[],"_links":{"self":[{"href":"https:\/\/www.lazoupa.ch\/en\/wp-json\/wp\/v2\/product\/238","targetHints":{"allow":["GET"]}}],"collection":[{"href":"https:\/\/www.lazoupa.ch\/en\/wp-json\/wp\/v2\/product"}],"about":[{"href":"https:\/\/www.lazoupa.ch\/en\/wp-json\/wp\/v2\/types\/product"}],"replies":[{"embeddable":true,"href":"https:\/\/www.lazoupa.ch\/en\/wp-json\/wp\/v2\/comments?post=238"}],"wp:featuredmedia":[{"embeddable":true,"href":"https:\/\/www.lazoupa.ch\/en\/wp-json\/wp\/v2\/media\/239"}],"wp:attachment":[{"href":"https:\/\/www.lazoupa.ch\/en\/wp-json\/wp\/v2\/media?parent=238"}],"wp:term":[{"taxonomy":"product_cat","embeddable":true,"href":"https:\/\/www.lazoupa.ch\/en\/wp-json\/wp\/v2\/product_cat?post=238"},{"taxonomy":"product_tag","embeddable":true,"href":"https:\/\/www.lazoupa.ch\/en\/wp-json\/wp\/v2\/product_tag?post=238"}],"curies":[{"name":"wp","href":"https:\/\/api.w.org\/{rel}","templated":true}]}}