{"id":246,"date":"2017-12-19T12:36:54","date_gmt":"2017-12-19T12:36:54","guid":{"rendered":"https:\/\/www.lazoupa.ch\/?post_type=products&#038;p=246"},"modified":"2025-10-28T06:11:40","modified_gmt":"2025-10-28T06:11:40","slug":"tomatotonka-ko","status":"publish","type":"product","link":"https:\/\/www.lazoupa.ch\/en\/product\/tomatotonka-ko\/","title":{"rendered":"Tomatencreme Suppe mit Tonka Gew\u00fcrz"},"content":{"rendered":"<p>Ist heiss und gek\u00fchlt ein Genuss. Die S\u00fcdamerikanische Tonkabohne als Gew\u00fcrz gibt dieser Tomatensuppe eine leicht bittere Note. Tonkabohnen aber bitte nur in kleinen Mengen einnehmen &#8211; die alten S\u00fcdamerikaner konsumierten diese auch als Droge.<\/p>\n","protected":false},"excerpt":{"rendered":"<p>Ist heiss und gek\u00fchlt ein Genuss. Die S\u00fcdamerikanische Tonkabohne als Gew\u00fcrz gibt dieser Tomatensuppe eine leicht bittere Note. Tonkabohnen aber bitte nur in kleinen Mengen einnehmen &#8211; die alten S\u00fcdamerikaner konsumierten diese auch als Droge.<\/p>\n","protected":false},"featured_media":247,"comment_status":"closed","ping_status":"closed","template":"","meta":[],"product_cat":[41,20,19,42],"product_tag":[39,40,36,29],"class_list":["post-246","product","type-product","status-publish","has-post-thumbnail","hentry","product_cat-suppen","product_cat-vegetarische-suppen","product_cat-vegane-suppen","product_cat-zurueckallegerichteanzeigen","product_tag-glutenfrei","product_tag-laktosefrei","product_tag-vegan","product_tag-vegetarisch"],"translation":{"provider":"WPGlobus","version":"2.10.10","language":"en","enabled_languages":["de","en","fr"],"languages":{"de":{"title":true,"content":true,"excerpt":false},"en":{"title":false,"content":false,"excerpt":false},"fr":{"title":false,"content":false,"excerpt":false}}},"acf":[],"_links":{"self":[{"href":"https:\/\/www.lazoupa.ch\/en\/wp-json\/wp\/v2\/product\/246","targetHints":{"allow":["GET"]}}],"collection":[{"href":"https:\/\/www.lazoupa.ch\/en\/wp-json\/wp\/v2\/product"}],"about":[{"href":"https:\/\/www.lazoupa.ch\/en\/wp-json\/wp\/v2\/types\/product"}],"replies":[{"embeddable":true,"href":"https:\/\/www.lazoupa.ch\/en\/wp-json\/wp\/v2\/comments?post=246"}],"wp:featuredmedia":[{"embeddable":true,"href":"https:\/\/www.lazoupa.ch\/en\/wp-json\/wp\/v2\/media\/247"}],"wp:attachment":[{"href":"https:\/\/www.lazoupa.ch\/en\/wp-json\/wp\/v2\/media?parent=246"}],"wp:term":[{"taxonomy":"product_cat","embeddable":true,"href":"https:\/\/www.lazoupa.ch\/en\/wp-json\/wp\/v2\/product_cat?post=246"},{"taxonomy":"product_tag","embeddable":true,"href":"https:\/\/www.lazoupa.ch\/en\/wp-json\/wp\/v2\/product_tag?post=246"}],"curies":[{"name":"wp","href":"https:\/\/api.w.org\/{rel}","templated":true}]}}