{"id":989,"date":"2020-03-17T14:14:08","date_gmt":"2020-03-17T14:14:08","guid":{"rendered":"https:\/\/www.lazoupa.ch\/?post_type=product&#038;p=989"},"modified":"2026-02-15T10:56:48","modified_gmt":"2026-02-15T10:56:48","slug":"spaetzli","status":"publish","type":"product","link":"https:\/\/www.lazoupa.ch\/en\/product\/spaetzli\/","title":{"rendered":"Sp\u00e4tzli"},"content":{"rendered":"<p>Sp\u00e4tzli als passende Beilage zu unseren Eint\u00f6pfen und Gerichten.<\/p>\n","protected":false},"excerpt":{"rendered":"<p>Sp\u00e4tzli als passende Beilage zu unseren Eint\u00f6pfen und Gerichten.<\/p>\n","protected":false},"featured_media":2104,"comment_status":"open","ping_status":"closed","template":"","meta":[],"product_cat":[26,42],"product_tag":[29],"class_list":["post-989","product","type-product","status-publish","has-post-thumbnail","hentry","product_cat-beilagen","product_cat-zurueckallegerichteanzeigen","product_tag-vegetarisch"],"translation":{"provider":"WPGlobus","version":"2.10.10","language":"en","enabled_languages":["de","en","fr"],"languages":{"de":{"title":true,"content":true,"excerpt":false},"en":{"title":false,"content":false,"excerpt":false},"fr":{"title":false,"content":false,"excerpt":false}}},"acf":[],"_links":{"self":[{"href":"https:\/\/www.lazoupa.ch\/en\/wp-json\/wp\/v2\/product\/989","targetHints":{"allow":["GET"]}}],"collection":[{"href":"https:\/\/www.lazoupa.ch\/en\/wp-json\/wp\/v2\/product"}],"about":[{"href":"https:\/\/www.lazoupa.ch\/en\/wp-json\/wp\/v2\/types\/product"}],"replies":[{"embeddable":true,"href":"https:\/\/www.lazoupa.ch\/en\/wp-json\/wp\/v2\/comments?post=989"}],"wp:featuredmedia":[{"embeddable":true,"href":"https:\/\/www.lazoupa.ch\/en\/wp-json\/wp\/v2\/media\/2104"}],"wp:attachment":[{"href":"https:\/\/www.lazoupa.ch\/en\/wp-json\/wp\/v2\/media?parent=989"}],"wp:term":[{"taxonomy":"product_cat","embeddable":true,"href":"https:\/\/www.lazoupa.ch\/en\/wp-json\/wp\/v2\/product_cat?post=989"},{"taxonomy":"product_tag","embeddable":true,"href":"https:\/\/www.lazoupa.ch\/en\/wp-json\/wp\/v2\/product_tag?post=989"}],"curies":[{"name":"wp","href":"https:\/\/api.w.org\/{rel}","templated":true}]}}