{"id":1025,"date":"2020-03-17T17:09:35","date_gmt":"2020-03-17T17:09:35","guid":{"rendered":"https:\/\/www.lazoupa.ch\/?page_id=1025"},"modified":"2021-01-22T10:33:49","modified_gmt":"2021-01-22T10:33:49","slug":"alle-lazoupas-gut-zu-wissen","status":"publish","type":"page","link":"https:\/\/www.lazoupa.ch\/fr\/alle-lazoupas-gut-zu-wissen\/","title":{"rendered":"Produkte \/ Handhabung"},"content":{"rendered":"<h3><a href=\"https:\/\/www.lazoupa.ch\/alle-gerichte\/\">Alle Gerichte Zutaten &amp; Aufw\u00e4rmen &amp; Preise<\/a><\/h3>\n<h3><a href=\"https:\/\/www.lazoupa.ch\/alle-gerichte\/\">Haltbarkeit<\/a><\/h3>\n<p>Eine LaZoupa bleibt im Tiefk\u00fchler 1 Jahr nach Produktionsdatum haltbar. Einmal aufgetaut im K\u00fchlschrank bei max. 5\u00b0C 6 Tage (Fischprodukte 3 Tage). Nach dem Auftauen nicht wieder einfrieren.<\/p>\n<h3><a href=\"https:\/\/www.lazoupa.ch\/alle-gerichte\/\">Bitte nicht verkochen<\/a><\/h3>\n<p>Eine LaZoupa muss nur aufgew\u00e4rmt werden. LaZoupa sind fixfertig gekochte Gerichte. Du musst nichts dazugeben nur 1-2 Essl\u00f6ffel Wasser vor dem Aufw\u00e4rmen.<\/p>\n<h3>Auftauzeiten<\/h3>\n<ul>\n<li>Bei Raumtemperatur ca. 2 &#8211; 3 Std.<\/li>\n<li>Im K\u00fchlschrank ca. 36 Std.<\/li>\n<li>Im Wasserbad mind. I3 Min. Becher unge\u00f6ffnet in maximal 6 cm siedendes Wasser stellen und Pfannen Deckel drauf.<\/li>\n<li>Im Steamer mind. I3 Min. 100\u00b0C einstellen.<\/li>\n<li>In der Mikrowelle 4 &#8211; 5 Min.<\/li>\n<\/ul>\n<p>LaZoupa aufgetaut mit 5\u00b0C aus dem K\u00fchlschrank geniessen:<br \/>\nGek\u00fchlt zu geniessende LaZoupas sind so genussbereit! F\u00fcr zum lauwarm geniessen, braucht es noch 1 Minute in der Mikrowelle, f\u00fcr warme LaZoupas 3 &#8211; 5 Minuten Aufw\u00e4rmzeit. Schreibe das Auftaudatum auf den Becher. Ab dann bleibt eine LaZoupa bei 5\u00b0C im K\u00fchlschrank f\u00fcr mindestens 6 Tage in Topform (Fischgerichte 3 Tage).<\/p>\n<p><strong>Wasserbad:<\/strong> Becher unge\u00f6ffnet in max. 6 cm siedendes Wasser stellen und Deckel auf die Pfanne geben.<\/p>\n<p><strong>Steamer:<\/strong> 100\u00b0C einstellen. Mehrere Produkte im Steamer reduzieren die Leistung auf das einzelne Produkt nicht.<\/p>\n<p><strong>Mikrowellenger\u00e4t:<\/strong> Deckel lose auf den Becher legen. Mehrere Produkte im Ger\u00e4t reduziert die Leistung auf die einzelnen Produkte. Das erste Mal oder bei einer LaZoupa, die du noch nicht kennst: alle 4 Minuten kontrollieren und umr\u00fchren.<\/p>\n<p><strong>Richtzeiten zur Erw\u00e4rmung:<\/strong> Die Tabelle auf dem Becher unterscheidet das Regenerieren von LaZoupas aus gefrorenem (-l8\u00b0C) und solchen, aus aufgetautem Zustand (5\u00b0C). Sie gibt einzig Richtmindestzeiten an, da diese jenach Gericht und Ger\u00e4t unterschiedlich sind. Genauere Werte findest du in der Beschreibung der einzelnen Gerichte.<\/p>\n<p>&nbsp;<\/p>\n<h3>Genuss, Gesundheit und Komfort aus einem Topf.<\/h3>\n<p>Du kennst das. Keine Zeit zum Einkaufen, unerwartete G\u00e4ste, du kommst nach einem langen Tag nach Hause und willst nicht noch kochen. Solltest du dich mit freudlosen Fertiggerichten bestrafen? Eine kleine LaZoupa Auswahl im Tiefk\u00fchler macht aus jeder Situation eine genussvolle.<\/p>\n<p>Fixfertig gekochte Gerichte, die mit dem, was du bisher gekannt hast, nicht zu vergleichen sind.<\/p>\n<p>Bei Convenience Food musst du auf kulinarischen Genuss und gesunde Ern\u00e4hrung nicht mehr verzichten. LaZoupa hat daf\u00fcr den alten Eintopf den heutigen Bed\u00fcrfnissen entsprechend mit Kreativit\u00e4t und Rezepten aus aller Welt neu definiert. Auf Konservierungsmittel, Geschmacksverst\u00e4rker und geh\u00e4rtete Fette wird verzichtet. Wir kochen wie im guten Restaurant sehr sorgf\u00e4ltig\u201a in kleinen Einheiten, nur mit besten Zutaten und ausschliesslich Schweizer Fleisch. Unser Anspruch: Ein LaZoupa-Gericht aus dem Tiefk\u00fchler muss so gut schmecken, wie wenn du es in einem sehr guten Restaurant isst.<\/p>\n<h3>Warum tiefgek\u00fchlt?<\/h3>\n<p>LaZoupa wird tiefgek\u00fchlt im mikrowellentauglichen Becher angeboten. Dank der Schockgefrierung kommt LaZoupa ohne Konservierungsmittel aus. Die Vitamine bleiben erhalten und das Essen kommt so bei dir an, wie es unsere K\u00fcche verl\u00e4sst. Tiefk\u00fchlkost gilt allgemein qualitativ und kulinarisch als minderwertig. Wir sind der Meinung, dass aus dem Tiefk\u00fchler genau so gutes rauskommt, was man rein gibt. Wir tun das, was viele Hausfrauen auch tun und zwar Gerichte mit Liebe zubereiten und einfrieren, damit sie zu einem sp\u00e4teren Zeitpunkt genossen werden k\u00f6nnen. So lohnt sich die aufw\u00e4ndige Kocherei. Die Haltbarkeit nach dem Auftauen im K\u00fchlschrank bei 5\u00b0C betr\u00e4gt mindestens 6 Tage ohne den geringsten Qualit\u00e4tsverlust. Dies wird regelm\u00e4ssig vom Labor \u00fcberpr\u00fcft und best\u00e4tigt. Tiefgek\u00fchlt\u00a0ist LaZoupa ab Abpackdatum 1 Jahr haltbar. Toll ist auch\u201a dass Dank der Tiefk\u00fchlung weniger LaZoupas vergeudet werden, als dies mit vielen anderen Esswaren mit k\u00fcrzerem Ablaufdatum leider viel zu oft geschieht.<\/p>\n<h3>Der Polypropylen Becher<\/h3>\n<p>Ist ohne Weichmacher und gibt weder beim Schockgefrieren noch beim Erhitzen im Mikrowellenger\u00e4t, Bain Marie, Steamer oder in der Pfanne Ger\u00fcche oder Stoffe ab.<\/p>\n<p>Helft uns unsere Schweiz sauber zu halten und bringt die LaZoupa Becher in die Plastiksammelstelle in euerer N\u00e4he. Die Umwelt wird es dir danken.<\/p>\n","protected":false},"excerpt":{"rendered":"<p>Alle Gerichte Zutaten &amp; Aufw\u00e4rmen &amp; Preise Haltbarkeit Eine LaZoupa bleibt im Tiefk\u00fchler 1 Jahr nach Produktionsdatum haltbar. Einmal aufgetaut im K\u00fchlschrank bei max. 5\u00b0C 6 Tage (Fischprodukte 3 Tage). Nach dem Auftauen nicht wieder einfrieren. Bitte nicht verkochen Eine LaZoupa muss nur aufgew\u00e4rmt werden. LaZoupa sind fixfertig gekochte Gerichte. Du musst nichts dazugeben nur [&hellip;]<\/p>\n","protected":false},"author":1,"featured_media":0,"parent":0,"menu_order":0,"comment_status":"closed","ping_status":"closed","template":"","meta":{"footnotes":""},"class_list":["post-1025","page","type-page","status-publish","hentry"],"translation":{"provider":"WPGlobus","version":"2.10.10","language":"fr","enabled_languages":["de","en","fr"],"languages":{"de":{"title":true,"content":true,"excerpt":false},"en":{"title":false,"content":false,"excerpt":false},"fr":{"title":false,"content":false,"excerpt":false}}},"acf":[],"_links":{"self":[{"href":"https:\/\/www.lazoupa.ch\/fr\/wp-json\/wp\/v2\/pages\/1025","targetHints":{"allow":["GET"]}}],"collection":[{"href":"https:\/\/www.lazoupa.ch\/fr\/wp-json\/wp\/v2\/pages"}],"about":[{"href":"https:\/\/www.lazoupa.ch\/fr\/wp-json\/wp\/v2\/types\/page"}],"author":[{"embeddable":true,"href":"https:\/\/www.lazoupa.ch\/fr\/wp-json\/wp\/v2\/users\/1"}],"replies":[{"embeddable":true,"href":"https:\/\/www.lazoupa.ch\/fr\/wp-json\/wp\/v2\/comments?post=1025"}],"version-history":[{"count":17,"href":"https:\/\/www.lazoupa.ch\/fr\/wp-json\/wp\/v2\/pages\/1025\/revisions"}],"predecessor-version":[{"id":1569,"href":"https:\/\/www.lazoupa.ch\/fr\/wp-json\/wp\/v2\/pages\/1025\/revisions\/1569"}],"wp:attachment":[{"href":"https:\/\/www.lazoupa.ch\/fr\/wp-json\/wp\/v2\/media?parent=1025"}],"curies":[{"name":"wp","href":"https:\/\/api.w.org\/{rel}","templated":true}]}}