{"id":11,"date":"2017-11-08T11:18:56","date_gmt":"2017-11-08T11:18:56","guid":{"rendered":"https:\/\/www.lazoupa.ch\/?page_id=11"},"modified":"2020-08-24T14:25:09","modified_gmt":"2020-08-24T14:25:09","slug":"home-delivery","status":"publish","type":"page","link":"https:\/\/www.lazoupa.ch\/fr\/home-delivery\/","title":{"rendered":"Home delivery"},"content":{"rendered":"<h2>Warme LaZoupa&#8217;s<\/h2>\n<table>\n<tbody>\n<tr>\n<td><a href=\"https:\/\/www.smood.ch\/de\/lieferung\/restaurants\/zurich\/la-zoupa\"><img loading=\"lazy\" decoding=\"async\" class=\"wp-image-732 size-full aligncenter\" src=\"https:\/\/www.lazoupa.ch\/wp-content\/uploads\/2020\/03\/smood-ch_191x55.jpg\" alt=\"LaZoupa @ smood.ch\" width=\"191\" height=\"55\" \/><\/a><\/td>\n<td><\/td>\n<td><a href=\"https:\/\/www.mosi.ch\/de\/Restaurant\/LaZoupa\/554\"><img loading=\"lazy\" decoding=\"async\" class=\"wp-image-732 size-full alignnone\" src=\"https:\/\/www.lazoupa.ch\/wp-content\/uploads\/2020\/03\/mosi-ch_190x85.jpg\" alt=\"LaZoupa @ mosi.ch\" width=\"190\" height=\"85\" \/><\/a><\/td>\n<td><\/td>\n<\/tr>\n<tr>\n<td><\/td>\n<td><\/td>\n<td><\/td>\n<td><\/td>\n<\/tr>\n<\/tbody>\n<\/table>\n<p>Lass dir heisse LaZoupas nach Hause oder ins B\u00fcro bringen. Auch mit Getr\u00e4nk. Auf Wunsch, je nach\u00a0Gericht lauwarm\u201a kalt oder gek\u00fchlt oder zum Aufbewahren tiefgek\u00fchlt. Vorl\u00e4ufig leider nur in der Region Z\u00fcrich.<\/p>\n<h3>LaZoupa von einem Standort in deiner N\u00e4he bestellen.<\/h3>\n<p>Viele unserer Partner k\u00f6nnen dir ein Catering organisieren oder einzelne Mahlzeiten liefern. Innerhalb einiger Tage kann er dir jede LaZoupa aus dem gesamten Sortiment bereitstellen und evtl. auch liefern.<\/p>\n<p>Gerne beraten wir dich unter Tel. <a href=\"tel:0444577063\">044 457 70 63<\/a> oder E-Mail <a href=\"mailto:contact@lazoupa.ch\">contact@lazoupa.ch<\/a><\/p>\n","protected":false},"excerpt":{"rendered":"<p>Warme LaZoupa&#8217;s Lass dir heisse LaZoupas nach Hause oder ins B\u00fcro bringen. Auch mit Getr\u00e4nk. Auf Wunsch, je nach\u00a0Gericht lauwarm\u201a kalt oder gek\u00fchlt oder zum Aufbewahren tiefgek\u00fchlt. Vorl\u00e4ufig leider nur in der Region Z\u00fcrich. LaZoupa von einem Standort in deiner N\u00e4he bestellen. Viele unserer Partner k\u00f6nnen dir ein Catering organisieren oder einzelne Mahlzeiten liefern. Innerhalb [&hellip;]<\/p>\n","protected":false},"author":1,"featured_media":235,"parent":0,"menu_order":0,"comment_status":"closed","ping_status":"closed","template":"template-home-delivery.php","meta":{"footnotes":""},"class_list":["post-11","page","type-page","status-publish","has-post-thumbnail","hentry"],"translation":{"provider":"WPGlobus","version":"2.10.10","language":"fr","enabled_languages":["de","en","fr"],"languages":{"de":{"title":true,"content":true,"excerpt":false},"en":{"title":false,"content":false,"excerpt":false},"fr":{"title":false,"content":false,"excerpt":false}}},"acf":[],"_links":{"self":[{"href":"https:\/\/www.lazoupa.ch\/fr\/wp-json\/wp\/v2\/pages\/11","targetHints":{"allow":["GET"]}}],"collection":[{"href":"https:\/\/www.lazoupa.ch\/fr\/wp-json\/wp\/v2\/pages"}],"about":[{"href":"https:\/\/www.lazoupa.ch\/fr\/wp-json\/wp\/v2\/types\/page"}],"author":[{"embeddable":true,"href":"https:\/\/www.lazoupa.ch\/fr\/wp-json\/wp\/v2\/users\/1"}],"replies":[{"embeddable":true,"href":"https:\/\/www.lazoupa.ch\/fr\/wp-json\/wp\/v2\/comments?post=11"}],"version-history":[{"count":73,"href":"https:\/\/www.lazoupa.ch\/fr\/wp-json\/wp\/v2\/pages\/11\/revisions"}],"predecessor-version":[{"id":1370,"href":"https:\/\/www.lazoupa.ch\/fr\/wp-json\/wp\/v2\/pages\/11\/revisions\/1370"}],"wp:featuredmedia":[{"embeddable":true,"href":"https:\/\/www.lazoupa.ch\/fr\/wp-json\/wp\/v2\/media\/235"}],"wp:attachment":[{"href":"https:\/\/www.lazoupa.ch\/fr\/wp-json\/wp\/v2\/media?parent=11"}],"curies":[{"name":"wp","href":"https:\/\/api.w.org\/{rel}","templated":true}]}}