{"id":1350,"date":"2020-08-19T15:33:12","date_gmt":"2020-08-19T15:33:12","guid":{"rendered":"https:\/\/www.lazoupa.ch\/?page_id=1350"},"modified":"2023-03-06T09:36:30","modified_gmt":"2023-03-06T09:36:30","slug":"alle-lazoupa-gerichte","status":"publish","type":"page","link":"https:\/\/www.lazoupa.ch\/fr\/alle-lazoupa-gerichte\/","title":{"rendered":"Alle LaZoupa Gerichte"},"content":{"rendered":"\t\t<div data-elementor-type=\"wp-page\" data-elementor-id=\"1350\" class=\"elementor elementor-1350\">\n\t\t\t\t\t\t<div class=\"elementor-inner\">\n\t\t\t\t<div class=\"elementor-section-wrap\">\n\t\t\t\t\t\t\t\t\t<section class=\"elementor-section elementor-top-section elementor-element elementor-element-c7e357c elementor-section-boxed elementor-section-height-default elementor-section-height-default\" data-id=\"c7e357c\" data-element_type=\"section\">\n\t\t\t\t\t\t<div class=\"elementor-container elementor-column-gap-default\">\n\t\t\t\t\t\t\t<div class=\"elementor-row\">\n\t\t\t\t\t<div class=\"elementor-column elementor-col-50 elementor-top-column elementor-element elementor-element-09c193e\" data-id=\"09c193e\" data-element_type=\"column\">\n\t\t\t<div class=\"elementor-column-wrap elementor-element-populated\">\n\t\t\t\t\t\t\t<div class=\"elementor-widget-wrap\">\n\t\t\t\t\t\t<div class=\"elementor-element elementor-element-a0fbfb6 elementor-widget elementor-widget-text-editor\" data-id=\"a0fbfb6\" data-element_type=\"widget\" data-widget_type=\"text-editor.default\">\n\t\t\t\t<div class=\"elementor-widget-container\">\n\t\t\t\t\t\t\t\t<div class=\"elementor-text-editor elementor-clearfix\">\n\t\t\t\t<p>Jede LaZoupa ist ein Geschmackserlebnis und eine hochwertige Mahlzeit. Ganz besonders gesch\u00e4tzt von Ern\u00e4hrungsbewussten und Geniessern. Die LaZoupa-Qualit\u00e4t kommt von erstklassigen Zutaten und einer schonenden Zubereitung in der Schweiz, in kleinen Einheiten mit viel Handarbeit. Auf die Zugabe von Konservierungsmittel, Geschmacksverst\u00e4rker, geh\u00e4rteten Fetten und k\u00fcnstlicher Farbstoffe wird verzichtet. Das Schockgefrieren er\u00fcbrigt die Zugabe von Konservierungsmitteln, die Vitamine bleiben erhalten und deine LaZoupa kommt in der Qualit\u00e4t bei dir an, wie sie unsere K\u00fcche verl\u00e4sst.<\/p>\t\t\t\t\t<\/div>\n\t\t\t\t\t\t<\/div>\n\t\t\t\t<\/div>\n\t\t\t\t\t\t<\/div>\n\t\t\t\t\t<\/div>\n\t\t<\/div>\n\t\t\t\t<div class=\"elementor-column elementor-col-50 elementor-top-column elementor-element elementor-element-1f0fc5a\" data-id=\"1f0fc5a\" data-element_type=\"column\">\n\t\t\t<div class=\"elementor-column-wrap elementor-element-populated\">\n\t\t\t\t\t\t\t<div class=\"elementor-widget-wrap\">\n\t\t\t\t\t\t<div class=\"elementor-element elementor-element-dea6525 elementor-widget elementor-widget-image\" data-id=\"dea6525\" data-element_type=\"widget\" data-widget_type=\"image.default\">\n\t\t\t\t<div class=\"elementor-widget-container\">\n\t\t\t\t\t\t\t\t<div class=\"elementor-image\">\n\t\t\t\t\t\t\t\t\t\t\t\t<img loading=\"lazy\" decoding=\"async\" width=\"768\" height=\"768\" src=\"https:\/\/www.lazoupa.ch\/wp-content\/uploads\/2020\/06\/Tom-Kha-Gai-1-Kopie-768x768.png\" class=\"attachment-medium_large size-medium_large wp-image-1200\" alt=\"\" srcset=\"https:\/\/www.lazoupa.ch\/wp-content\/uploads\/2020\/06\/Tom-Kha-Gai-1-Kopie-768x768.png 768w, https:\/\/www.lazoupa.ch\/wp-content\/uploads\/2020\/06\/Tom-Kha-Gai-1-Kopie-300x300.png 300w, https:\/\/www.lazoupa.ch\/wp-content\/uploads\/2020\/06\/Tom-Kha-Gai-1-Kopie-1024x1024.png 1024w, https:\/\/www.lazoupa.ch\/wp-content\/uploads\/2020\/06\/Tom-Kha-Gai-1-Kopie-150x150.png 150w, https:\/\/www.lazoupa.ch\/wp-content\/uploads\/2020\/06\/Tom-Kha-Gai-1-Kopie-1536x1536.png 1536w, https:\/\/www.lazoupa.ch\/wp-content\/uploads\/2020\/06\/Tom-Kha-Gai-1-Kopie-2048x2048.png 2048w, https:\/\/www.lazoupa.ch\/wp-content\/uploads\/2020\/06\/Tom-Kha-Gai-1-Kopie-600x600.png 600w, https:\/\/www.lazoupa.ch\/wp-content\/uploads\/2020\/06\/Tom-Kha-Gai-1-Kopie-100x100.png 100w\" sizes=\"auto, (max-width: 768px) 100vw, 768px\" \/>\t\t\t\t\t\t\t\t\t\t\t\t\t\t<\/div>\n\t\t\t\t\t\t<\/div>\n\t\t\t\t<\/div>\n\t\t\t\t\t\t<\/div>\n\t\t\t\t\t<\/div>\n\t\t<\/div>\n\t\t\t\t\t\t\t\t<\/div>\n\t\t\t\t\t<\/div>\n\t\t<\/section>\n\t\t\t\t<section class=\"elementor-section elementor-top-section elementor-element elementor-element-848ae0e elementor-section-boxed elementor-section-height-default elementor-section-height-default\" data-id=\"848ae0e\" data-element_type=\"section\">\n\t\t\t\t\t\t<div class=\"elementor-container elementor-column-gap-default\">\n\t\t\t\t\t\t\t<div class=\"elementor-row\">\n\t\t\t\t\t<div class=\"elementor-column elementor-col-33 elementor-top-column elementor-element elementor-element-23c3eb7\" data-id=\"23c3eb7\" data-element_type=\"column\">\n\t\t\t<div class=\"elementor-column-wrap elementor-element-populated\">\n\t\t\t\t\t\t\t<div class=\"elementor-widget-wrap\">\n\t\t\t\t\t\t<div class=\"elementor-element elementor-element-ff0136a elementor-widget elementor-widget-image\" data-id=\"ff0136a\" data-element_type=\"widget\" data-widget_type=\"image.default\">\n\t\t\t\t<div class=\"elementor-widget-container\">\n\t\t\t\t\t\t\t\t<div class=\"elementor-image\">\n\t\t\t\t\t\t\t\t\t\t\t\t<img loading=\"lazy\" decoding=\"async\" width=\"1024\" height=\"1024\" src=\"https:\/\/www.lazoupa.ch\/wp-content\/uploads\/2020\/08\/Suppen-1024x1024.png\" class=\"attachment-large size-large wp-image-1355\" alt=\"\" srcset=\"https:\/\/www.lazoupa.ch\/wp-content\/uploads\/2020\/08\/Suppen-1024x1024.png 1024w, https:\/\/www.lazoupa.ch\/wp-content\/uploads\/2020\/08\/Suppen-300x300.png 300w, https:\/\/www.lazoupa.ch\/wp-content\/uploads\/2020\/08\/Suppen-150x150.png 150w, https:\/\/www.lazoupa.ch\/wp-content\/uploads\/2020\/08\/Suppen-768x768.png 768w, https:\/\/www.lazoupa.ch\/wp-content\/uploads\/2020\/08\/Suppen-600x600.png 600w, https:\/\/www.lazoupa.ch\/wp-content\/uploads\/2020\/08\/Suppen-100x100.png 100w, https:\/\/www.lazoupa.ch\/wp-content\/uploads\/2020\/08\/Suppen.png 1080w\" sizes=\"auto, (max-width: 1024px) 100vw, 1024px\" \/>\t\t\t\t\t\t\t\t\t\t\t\t\t\t<\/div>\n\t\t\t\t\t\t<\/div>\n\t\t\t\t<\/div>\n\t\t\t\t\t\t<\/div>\n\t\t\t\t\t<\/div>\n\t\t<\/div>\n\t\t\t\t<div class=\"elementor-column elementor-col-33 elementor-top-column elementor-element elementor-element-c6c62cc\" data-id=\"c6c62cc\" data-element_type=\"column\">\n\t\t\t<div class=\"elementor-column-wrap elementor-element-populated\">\n\t\t\t\t\t\t\t<div class=\"elementor-widget-wrap\">\n\t\t\t\t\t\t<div class=\"elementor-element elementor-element-3b416b5 elementor-widget elementor-widget-image\" data-id=\"3b416b5\" data-element_type=\"widget\" data-widget_type=\"image.default\">\n\t\t\t\t<div class=\"elementor-widget-container\">\n\t\t\t\t\t\t\t\t<div class=\"elementor-image\">\n\t\t\t\t\t\t\t\t\t\t\t\t<img loading=\"lazy\" decoding=\"async\" width=\"1024\" height=\"1024\" src=\"https:\/\/www.lazoupa.ch\/wp-content\/uploads\/2020\/08\/suppeneinto\u0308pfeafdesign-1024x1024.png\" class=\"attachment-large size-large wp-image-1360\" alt=\"\" srcset=\"https:\/\/www.lazoupa.ch\/wp-content\/uploads\/2020\/08\/suppeneinto\u0308pfeafdesign-1024x1024.png 1024w, https:\/\/www.lazoupa.ch\/wp-content\/uploads\/2020\/08\/suppeneinto\u0308pfeafdesign-300x300.png 300w, https:\/\/www.lazoupa.ch\/wp-content\/uploads\/2020\/08\/suppeneinto\u0308pfeafdesign-150x150.png 150w, https:\/\/www.lazoupa.ch\/wp-content\/uploads\/2020\/08\/suppeneinto\u0308pfeafdesign-768x768.png 768w, https:\/\/www.lazoupa.ch\/wp-content\/uploads\/2020\/08\/suppeneinto\u0308pfeafdesign-600x600.png 600w, https:\/\/www.lazoupa.ch\/wp-content\/uploads\/2020\/08\/suppeneinto\u0308pfeafdesign-100x100.png 100w, https:\/\/www.lazoupa.ch\/wp-content\/uploads\/2020\/08\/suppeneinto\u0308pfeafdesign.png 1080w\" sizes=\"auto, (max-width: 1024px) 100vw, 1024px\" \/>\t\t\t\t\t\t\t\t\t\t\t\t\t\t<\/div>\n\t\t\t\t\t\t<\/div>\n\t\t\t\t<\/div>\n\t\t\t\t\t\t<\/div>\n\t\t\t\t\t<\/div>\n\t\t<\/div>\n\t\t\t\t<div class=\"elementor-column elementor-col-33 elementor-top-column elementor-element elementor-element-6e61451\" data-id=\"6e61451\" data-element_type=\"column\">\n\t\t\t<div class=\"elementor-column-wrap elementor-element-populated\">\n\t\t\t\t\t\t\t<div class=\"elementor-widget-wrap\">\n\t\t\t\t\t\t<div class=\"elementor-element elementor-element-8b87fc9 elementor-widget elementor-widget-image\" data-id=\"8b87fc9\" data-element_type=\"widget\" data-widget_type=\"image.default\">\n\t\t\t\t<div class=\"elementor-widget-container\">\n\t\t\t\t\t\t\t\t<div class=\"elementor-image\">\n\t\t\t\t\t\t\t\t\t\t\t\t<img loading=\"lazy\" decoding=\"async\" width=\"1024\" height=\"1024\" src=\"https:\/\/www.lazoupa.ch\/wp-content\/uploads\/2020\/08\/Pasta-2-1024x1024.png\" class=\"attachment-large size-large wp-image-1366\" alt=\"\" srcset=\"https:\/\/www.lazoupa.ch\/wp-content\/uploads\/2020\/08\/Pasta-2-1024x1024.png 1024w, https:\/\/www.lazoupa.ch\/wp-content\/uploads\/2020\/08\/Pasta-2-300x300.png 300w, https:\/\/www.lazoupa.ch\/wp-content\/uploads\/2020\/08\/Pasta-2-150x150.png 150w, https:\/\/www.lazoupa.ch\/wp-content\/uploads\/2020\/08\/Pasta-2-768x768.png 768w, https:\/\/www.lazoupa.ch\/wp-content\/uploads\/2020\/08\/Pasta-2-600x600.png 600w, https:\/\/www.lazoupa.ch\/wp-content\/uploads\/2020\/08\/Pasta-2-100x100.png 100w, https:\/\/www.lazoupa.ch\/wp-content\/uploads\/2020\/08\/Pasta-2.png 1080w\" sizes=\"auto, (max-width: 1024px) 100vw, 1024px\" \/>\t\t\t\t\t\t\t\t\t\t\t\t\t\t<\/div>\n\t\t\t\t\t\t<\/div>\n\t\t\t\t<\/div>\n\t\t\t\t\t\t<\/div>\n\t\t\t\t\t<\/div>\n\t\t<\/div>\n\t\t\t\t\t\t\t\t<\/div>\n\t\t\t\t\t<\/div>\n\t\t<\/section>\n\t\t\t\t<section class=\"elementor-section elementor-top-section elementor-element elementor-element-b33a812 elementor-section-boxed elementor-section-height-default elementor-section-height-default\" data-id=\"b33a812\" data-element_type=\"section\">\n\t\t\t\t\t\t<div class=\"elementor-container elementor-column-gap-default\">\n\t\t\t\t\t\t\t<div class=\"elementor-row\">\n\t\t\t\t\t<div class=\"elementor-column elementor-col-33 elementor-top-column elementor-element elementor-element-ee3a834\" data-id=\"ee3a834\" data-element_type=\"column\">\n\t\t\t<div class=\"elementor-column-wrap elementor-element-populated\">\n\t\t\t\t\t\t\t<div class=\"elementor-widget-wrap\">\n\t\t\t\t\t\t<div class=\"elementor-element elementor-element-ae85001 elementor-widget elementor-widget-image\" data-id=\"ae85001\" data-element_type=\"widget\" data-widget_type=\"image.default\">\n\t\t\t\t<div class=\"elementor-widget-container\">\n\t\t\t\t\t\t\t\t<div class=\"elementor-image\">\n\t\t\t\t\t\t\t\t\t\t\t\t<img loading=\"lazy\" decoding=\"async\" width=\"1024\" height=\"1024\" src=\"https:\/\/www.lazoupa.ch\/wp-content\/uploads\/2020\/08\/Gerichte-1024x1024.png\" class=\"attachment-large size-large wp-image-1373\" alt=\"\" srcset=\"https:\/\/www.lazoupa.ch\/wp-content\/uploads\/2020\/08\/Gerichte-1024x1024.png 1024w, https:\/\/www.lazoupa.ch\/wp-content\/uploads\/2020\/08\/Gerichte-300x300.png 300w, https:\/\/www.lazoupa.ch\/wp-content\/uploads\/2020\/08\/Gerichte-150x150.png 150w, https:\/\/www.lazoupa.ch\/wp-content\/uploads\/2020\/08\/Gerichte-768x768.png 768w, https:\/\/www.lazoupa.ch\/wp-content\/uploads\/2020\/08\/Gerichte-600x600.png 600w, https:\/\/www.lazoupa.ch\/wp-content\/uploads\/2020\/08\/Gerichte-100x100.png 100w, https:\/\/www.lazoupa.ch\/wp-content\/uploads\/2020\/08\/Gerichte.png 1080w\" sizes=\"auto, (max-width: 1024px) 100vw, 1024px\" \/>\t\t\t\t\t\t\t\t\t\t\t\t\t\t<\/div>\n\t\t\t\t\t\t<\/div>\n\t\t\t\t<\/div>\n\t\t\t\t\t\t<\/div>\n\t\t\t\t\t<\/div>\n\t\t<\/div>\n\t\t\t\t<div class=\"elementor-column elementor-col-33 elementor-top-column elementor-element elementor-element-82c885b\" data-id=\"82c885b\" data-element_type=\"column\">\n\t\t\t<div class=\"elementor-column-wrap elementor-element-populated\">\n\t\t\t\t\t\t\t<div class=\"elementor-widget-wrap\">\n\t\t\t\t\t\t<div class=\"elementor-element elementor-element-4f249f8 elementor-widget elementor-widget-image\" data-id=\"4f249f8\" data-element_type=\"widget\" data-widget_type=\"image.default\">\n\t\t\t\t<div class=\"elementor-widget-container\">\n\t\t\t\t\t\t\t\t<div class=\"elementor-image\">\n\t\t\t\t\t\t\t\t\t\t\t\t<img loading=\"lazy\" decoding=\"async\" width=\"1024\" height=\"1024\" src=\"https:\/\/www.lazoupa.ch\/wp-content\/uploads\/2020\/08\/Couscous-1024x1024.png\" class=\"attachment-large size-large wp-image-1376\" alt=\"\" srcset=\"https:\/\/www.lazoupa.ch\/wp-content\/uploads\/2020\/08\/Couscous-1024x1024.png 1024w, https:\/\/www.lazoupa.ch\/wp-content\/uploads\/2020\/08\/Couscous-300x300.png 300w, https:\/\/www.lazoupa.ch\/wp-content\/uploads\/2020\/08\/Couscous-150x150.png 150w, https:\/\/www.lazoupa.ch\/wp-content\/uploads\/2020\/08\/Couscous-768x768.png 768w, https:\/\/www.lazoupa.ch\/wp-content\/uploads\/2020\/08\/Couscous-600x600.png 600w, https:\/\/www.lazoupa.ch\/wp-content\/uploads\/2020\/08\/Couscous-100x100.png 100w, https:\/\/www.lazoupa.ch\/wp-content\/uploads\/2020\/08\/Couscous.png 1080w\" sizes=\"auto, (max-width: 1024px) 100vw, 1024px\" \/>\t\t\t\t\t\t\t\t\t\t\t\t\t\t<\/div>\n\t\t\t\t\t\t<\/div>\n\t\t\t\t<\/div>\n\t\t\t\t\t\t<\/div>\n\t\t\t\t\t<\/div>\n\t\t<\/div>\n\t\t\t\t<div class=\"elementor-column elementor-col-33 elementor-top-column elementor-element elementor-element-2050ac9\" data-id=\"2050ac9\" data-element_type=\"column\">\n\t\t\t<div class=\"elementor-column-wrap\">\n\t\t\t\t\t\t\t<div class=\"elementor-widget-wrap\">\n\t\t\t\t\t\t\t\t<\/div>\n\t\t\t\t\t<\/div>\n\t\t<\/div>\n\t\t\t\t\t\t\t\t<\/div>\n\t\t\t\t\t<\/div>\n\t\t<\/section>\n\t\t\t\t\t\t\t\t\t<\/div>\n\t\t\t<\/div>\n\t\t\t\t\t<\/div>\n\t\t","protected":false},"excerpt":{"rendered":"<p>Jede LaZoupa ist ein Geschmackserlebnis und eine hochwertige Mahlzeit. Ganz besonders gesch\u00e4tzt von Ern\u00e4hrungsbewussten und Geniessern. Die LaZoupa-Qualit\u00e4t kommt von erstklassigen Zutaten und einer schonenden Zubereitung in der Schweiz, in kleinen Einheiten mit viel Handarbeit. Auf die Zugabe von Konservierungsmittel, Geschmacksverst\u00e4rker, geh\u00e4rteten Fetten und k\u00fcnstlicher Farbstoffe wird verzichtet. Das Schockgefrieren er\u00fcbrigt die Zugabe von Konservierungsmitteln, [&hellip;]<\/p>\n","protected":false},"author":3,"featured_media":0,"parent":0,"menu_order":0,"comment_status":"closed","ping_status":"closed","template":"","meta":{"footnotes":""},"class_list":["post-1350","page","type-page","status-publish","hentry"],"translation":{"provider":"WPGlobus","version":"2.10.10","language":"fr","enabled_languages":["de","en","fr"],"languages":{"de":{"title":true,"content":true,"excerpt":false},"en":{"title":false,"content":false,"excerpt":false},"fr":{"title":false,"content":false,"excerpt":false}}},"acf":[],"_links":{"self":[{"href":"https:\/\/www.lazoupa.ch\/fr\/wp-json\/wp\/v2\/pages\/1350","targetHints":{"allow":["GET"]}}],"collection":[{"href":"https:\/\/www.lazoupa.ch\/fr\/wp-json\/wp\/v2\/pages"}],"about":[{"href":"https:\/\/www.lazoupa.ch\/fr\/wp-json\/wp\/v2\/types\/page"}],"author":[{"embeddable":true,"href":"https:\/\/www.lazoupa.ch\/fr\/wp-json\/wp\/v2\/users\/3"}],"replies":[{"embeddable":true,"href":"https:\/\/www.lazoupa.ch\/fr\/wp-json\/wp\/v2\/comments?post=1350"}],"version-history":[{"count":15,"href":"https:\/\/www.lazoupa.ch\/fr\/wp-json\/wp\/v2\/pages\/1350\/revisions"}],"predecessor-version":[{"id":2234,"href":"https:\/\/www.lazoupa.ch\/fr\/wp-json\/wp\/v2\/pages\/1350\/revisions\/2234"}],"wp:attachment":[{"href":"https:\/\/www.lazoupa.ch\/fr\/wp-json\/wp\/v2\/media?parent=1350"}],"curies":[{"name":"wp","href":"https:\/\/api.w.org\/{rel}","templated":true}]}}