{"id":15,"date":"2017-11-08T11:19:20","date_gmt":"2017-11-08T11:19:20","guid":{"rendered":"https:\/\/www.lazoupa.ch\/?page_id=15"},"modified":"2025-11-04T13:29:40","modified_gmt":"2025-11-04T13:29:40","slug":"alle-gerichte","status":"publish","type":"page","link":"https:\/\/www.lazoupa.ch\/fr\/alle-gerichte\/","title":{"rendered":"Alle Gerichte"},"content":{"rendered":"\t\t<div data-elementor-type=\"wp-page\" data-elementor-id=\"15\" class=\"elementor elementor-15\">\n\t\t\t\t\t\t<div class=\"elementor-inner\">\n\t\t\t\t<div class=\"elementor-section-wrap\">\n\t\t\t\t\t\t\t\t\t<section class=\"elementor-section elementor-top-section elementor-element elementor-element-5c53441f elementor-section-boxed elementor-section-height-default elementor-section-height-default\" data-id=\"5c53441f\" data-element_type=\"section\">\n\t\t\t\t\t\t<div class=\"elementor-container elementor-column-gap-default\">\n\t\t\t\t\t\t\t<div class=\"elementor-row\">\n\t\t\t\t\t<div class=\"elementor-column elementor-col-100 elementor-top-column elementor-element elementor-element-45bb7b2e\" data-id=\"45bb7b2e\" data-element_type=\"column\">\n\t\t\t<div class=\"elementor-column-wrap elementor-element-populated\">\n\t\t\t\t\t\t\t<div class=\"elementor-widget-wrap\">\n\t\t\t\t\t\t<div class=\"elementor-element elementor-element-20a657aa elementor-widget elementor-widget-text-editor\" data-id=\"20a657aa\" data-element_type=\"widget\" data-widget_type=\"text-editor.default\">\n\t\t\t\t<div class=\"elementor-widget-container\">\n\t\t\t\t\t\t\t\t<div class=\"elementor-text-editor elementor-clearfix\">\n\t\t\t\t<p><span style=\"font-weight: 400;\">LaZoupa Fertiggerichte werden in der Schweiz mit besten Zutaten schonend, in Handarbeit und ohne Zugabe von k\u00fcnstlichen Geschmacksverst\u00e4rkern und geh\u00e4rteten Fetten gekocht. Schockgefrieren er\u00fcbrigt die Zugabe von Konservierungsmitteln und weil nicht pasteurisiert wird, beh\u00e4lt das Gericht die Vitamine und das Gem\u00fcse seinen Biss.<\/span><\/p><p>LaZoupa macht aus einem Tiefk\u00fchler einen Gourmettempel.<\/p><p>Damit LaZoupa schnell von unserem Tiefk\u00fchlfahrzeug in Ihren Tiefk\u00fchler gelangt, muss die Lieferung einer Person \u00fcbergeben, oder eine andere L\u00f6sung vereinbart werden. Um dies sicher zu stellen, m\u00fcssen wir telefonieren. Wir rufen Sie nach Empfang der Bestellung an (079-400 83 04), damit eine Leerlieferung vermieden wird. F\u00fcr eine Zweitlieferung m\u00fcssen wir CHF 40.- verrechnen.<\/p><p><span style=\"font-weight: 400;\">Der Mindestbestellwert ist\u00a0<\/span><b>CHF 100.-<\/b><span style=\"font-weight: 400;\">\u00a0<\/span><\/p><p><span style=\"font-weight: 400;\">Lieferkosten bis CHF 199.-\u00a0<\/span><b>CHF 20.-,\u00a0<\/b>a<span style=\"font-weight: 400;\">b CHF 200.-\u00a0<\/span><b>CHF 10.-,\u00a0<\/b><span style=\"font-weight: 400;\">ab CHF 300.-\u00a0<\/span><b>Gratis<\/b><\/p>\t\t\t\t\t<\/div>\n\t\t\t\t\t\t<\/div>\n\t\t\t\t<\/div>\n\t\t\t\t\t\t<\/div>\n\t\t\t\t\t<\/div>\n\t\t<\/div>\n\t\t\t\t\t\t\t\t<\/div>\n\t\t\t\t\t<\/div>\n\t\t<\/section>\n\t\t\t\t\t\t\t\t\t<\/div>\n\t\t\t<\/div>\n\t\t\t\t\t<\/div>\n\t\t","protected":false},"excerpt":{"rendered":"<p>LaZoupa Fertiggerichte werden in der Schweiz mit besten Zutaten schonend, in Handarbeit und ohne Zugabe von k\u00fcnstlichen Geschmacksverst\u00e4rkern und geh\u00e4rteten Fetten gekocht. Schockgefrieren er\u00fcbrigt die Zugabe von Konservierungsmitteln und weil nicht pasteurisiert wird, beh\u00e4lt das Gericht die Vitamine und das Gem\u00fcse seinen Biss. LaZoupa macht aus einem Tiefk\u00fchler einen Gourmettempel. Damit LaZoupa schnell von unserem [&hellip;]<\/p>\n","protected":false},"author":1,"featured_media":223,"parent":0,"menu_order":0,"comment_status":"closed","ping_status":"closed","template":"template-all-dishes.php","meta":{"footnotes":""},"class_list":["post-15","page","type-page","status-publish","has-post-thumbnail","hentry"],"translation":{"provider":"WPGlobus","version":"2.10.10","language":"fr","enabled_languages":["de","en","fr"],"languages":{"de":{"title":true,"content":true,"excerpt":false},"en":{"title":false,"content":false,"excerpt":false},"fr":{"title":false,"content":false,"excerpt":false}}},"acf":[],"_links":{"self":[{"href":"https:\/\/www.lazoupa.ch\/fr\/wp-json\/wp\/v2\/pages\/15","targetHints":{"allow":["GET"]}}],"collection":[{"href":"https:\/\/www.lazoupa.ch\/fr\/wp-json\/wp\/v2\/pages"}],"about":[{"href":"https:\/\/www.lazoupa.ch\/fr\/wp-json\/wp\/v2\/types\/page"}],"author":[{"embeddable":true,"href":"https:\/\/www.lazoupa.ch\/fr\/wp-json\/wp\/v2\/users\/1"}],"replies":[{"embeddable":true,"href":"https:\/\/www.lazoupa.ch\/fr\/wp-json\/wp\/v2\/comments?post=15"}],"version-history":[{"count":172,"href":"https:\/\/www.lazoupa.ch\/fr\/wp-json\/wp\/v2\/pages\/15\/revisions"}],"predecessor-version":[{"id":2939,"href":"https:\/\/www.lazoupa.ch\/fr\/wp-json\/wp\/v2\/pages\/15\/revisions\/2939"}],"wp:featuredmedia":[{"embeddable":true,"href":"https:\/\/www.lazoupa.ch\/fr\/wp-json\/wp\/v2\/media\/223"}],"wp:attachment":[{"href":"https:\/\/www.lazoupa.ch\/fr\/wp-json\/wp\/v2\/media?parent=15"}],"curies":[{"name":"wp","href":"https:\/\/api.w.org\/{rel}","templated":true}]}}