{"id":21,"date":"2017-11-08T11:20:29","date_gmt":"2017-11-08T11:20:29","guid":{"rendered":"https:\/\/www.lazoupa.ch\/?page_id=21"},"modified":"2023-03-04T11:16:21","modified_gmt":"2023-03-04T11:16:21","slug":"home","status":"publish","type":"page","link":"https:\/\/www.lazoupa.ch\/fr\/","title":{"rendered":"Gesund essen, ohne es sich schwer zu machen"},"content":{"rendered":"<p>LaZoupa kocht Gerichte f\u00fcr Feinschmecker, die sich \u00f6fter mal verw\u00f6hnen und einfallslose Kost meiden.<br \/>\nBei LaZoupa gibt es viel Spezielles aus den K\u00fcchen der ganzen Welt.<br \/>\nVieles ist vegan, vegetarisch, gluten-und laktosefrei.<br \/>\nEs wird in der Schweiz mit besten Zutaten schonend in Handarbeit gekocht.<br \/>\nAlles ohne Zugabe von Konservierungsmitteln, k\u00fcnstlichen Geschmacksverst\u00e4rkern und geh\u00e4rteten Fetten.<\/p>\n<p>&nbsp;<\/p>\n<p>&nbsp;<\/p>\n","protected":false},"excerpt":{"rendered":"<p>LaZoupa kocht Gerichte f\u00fcr Feinschmecker, die sich \u00f6fter mal verw\u00f6hnen und einfallslose Kost meiden. Bei LaZoupa gibt es viel Spezielles aus den K\u00fcchen der ganzen Welt. Vieles ist vegan, vegetarisch, gluten-und laktosefrei. Es wird in der Schweiz mit besten Zutaten schonend in Handarbeit gekocht. Alles ohne Zugabe von Konservierungsmitteln, k\u00fcnstlichen Geschmacksverst\u00e4rkern und geh\u00e4rteten Fetten. &nbsp; [&hellip;]<\/p>\n","protected":false},"author":1,"featured_media":31,"parent":0,"menu_order":0,"comment_status":"closed","ping_status":"closed","template":"","meta":{"footnotes":""},"class_list":["post-21","page","type-page","status-publish","has-post-thumbnail","hentry"],"translation":{"provider":"WPGlobus","version":"2.10.10","language":"fr","enabled_languages":["de","en","fr"],"languages":{"de":{"title":true,"content":true,"excerpt":false},"en":{"title":false,"content":false,"excerpt":false},"fr":{"title":false,"content":false,"excerpt":false}}},"acf":[],"_links":{"self":[{"href":"https:\/\/www.lazoupa.ch\/fr\/wp-json\/wp\/v2\/pages\/21","targetHints":{"allow":["GET"]}}],"collection":[{"href":"https:\/\/www.lazoupa.ch\/fr\/wp-json\/wp\/v2\/pages"}],"about":[{"href":"https:\/\/www.lazoupa.ch\/fr\/wp-json\/wp\/v2\/types\/page"}],"author":[{"embeddable":true,"href":"https:\/\/www.lazoupa.ch\/fr\/wp-json\/wp\/v2\/users\/1"}],"replies":[{"embeddable":true,"href":"https:\/\/www.lazoupa.ch\/fr\/wp-json\/wp\/v2\/comments?post=21"}],"version-history":[{"count":116,"href":"https:\/\/www.lazoupa.ch\/fr\/wp-json\/wp\/v2\/pages\/21\/revisions"}],"predecessor-version":[{"id":2197,"href":"https:\/\/www.lazoupa.ch\/fr\/wp-json\/wp\/v2\/pages\/21\/revisions\/2197"}],"wp:featuredmedia":[{"embeddable":true,"href":"https:\/\/www.lazoupa.ch\/fr\/wp-json\/wp\/v2\/media\/31"}],"wp:attachment":[{"href":"https:\/\/www.lazoupa.ch\/fr\/wp-json\/wp\/v2\/media?parent=21"}],"curies":[{"name":"wp","href":"https:\/\/api.w.org\/{rel}","templated":true}]}}