{"id":695,"date":"2018-05-25T11:54:24","date_gmt":"2018-05-25T11:54:24","guid":{"rendered":"https:\/\/www.lazoupa.ch\/?page_id=695"},"modified":"2023-03-07T06:42:00","modified_gmt":"2023-03-07T06:42:00","slug":"impressum","status":"publish","type":"page","link":"https:\/\/www.lazoupa.ch\/fr\/impressum\/","title":{"rendered":"Impressum"},"content":{"rendered":"<h2>VERANTWORTLICH F\u00dcR DEN INHALT DIESER WEBSEITE<\/h2>\n<p>La Zoupa AG<br \/>\nGrubenstrasse 9<br \/>\nCH-8045 Z\u00fcrich<br \/>\n<a href=\"mailto:contact@lazoupa.ch\">contact@lazoupa.ch<\/a> \/ <a href=\"tel:+41 44 457 70 63\">+41 44 457 70 63<\/a><\/p>\n<h2>DATENSCHUTZ<\/h2>\n<p>Der Schutz Ihrer Privatsph\u00e4re ist uns wichtig. Wir setzen auf einen transparenten Umgang mit Ihren Daten. Nachfolgend zeigen wir auf, welche personenbezogene Daten beim Benutzen dieser Webseite gespeichert werden und wie mit den Daten umgegangen wird. Wir zeigen Ihnen ebenfalls auf, wie Sie sich bei Diensten von Dritten, welche wir im Einsatz haben, abmelden k\u00f6nnen.<\/p>\n<p><strong>Geltungsbereich<\/strong><br \/>\nDiese Datenschutzerkl\u00e4rung gilt f\u00fcr alle Seiten unter dem Domain lazoupa.ch. Verweise und Links auf Webseiten Dritter liegen ausserhalb des Verantwortungsbereichs von LaZoupa AG. Der Zugriff und die Nutzung solcher Webseiten erfolgen auf eigene Gefahr des Nutzers oder der Nutzerin.<\/p>\n<p><strong>Personenbezogene Daten<\/strong><br \/>\nPersonendaten sind alle Angaben, die sich auf eine bestimmte oder bestimmbare Person beziehen. Darunter fallen Informationen wie Name, Adresse, Telefonnummer, E-Mail. Betroffen sind dabei sowohl nat\u00fcrliche als auch juristische Personen, \u00fcber die Daten bearbeitet werden.<\/p>\n<p><strong>Daten, die wir speichern<\/strong><br \/>\nUnter Anderem werden die folgenden Daten beim Besuch unserer Website gespeichert:<\/p>\n<ul>\n<li>Name der abgerufenen Webseite,<\/li>\n<li>Datum und Uhrzeit des Abrufs<\/li>\n<li>\u00fcbertragene Datenmenge<\/li>\n<li>Meldung \u00fcber erfolgreichen Abruf<\/li>\n<li>Browsertyp und Version<\/li>\n<li>Betriebssystem<\/li>\n<li>Referrer URL (die zuvor besuchte Seite)<\/li>\n<li>IP-Adresse<\/li>\n<li>Provider<\/li>\n<\/ul>\n<p>Wir verwenden diese Daten nur f\u00fcr statistische Auswertungen zum Zweck des Betriebs der Webseite.<\/p>\n<p><strong>Dienste von Dritten<\/strong><br \/>\nWir setzen auf unserer Website Dienste von Dritten ein, um das Nutzerverhalten zu analysieren und unser Webseiten-Angebot zu verbessern. Dabei wird Ihre IP-Adresse an die aufgef\u00fchrten Dienste weitergegeben.<\/p>\n<p>Falls Sie nicht m\u00f6chten, dass Ihre Daten von Dritten verwendet werden, k\u00f6nnen Sie sich bei den Diensten abmelden (Opt-Out).<\/p>\n<p><strong>Dienste zur Besucher- und Nutzerverhaltens-Analyse<\/strong><br \/>\n<strong>Google Analytics<\/strong><br \/>\nDiese Website benutzt Google Analytics, einen Webanalysedienst der Google Inc. (\u201eGoogle\u201c). Google Analytics verwendet sog. \u201eCookies\u201c, Textdateien, die auf Computer der Nutzer gespeichert werden und die eine Analyse der Benutzung der Website durch sie erm\u00f6glichen. Die durch den Cookie erzeugte Informationen \u00fcber Benutzung dieser Website durch die Nutzer werden in der Regel an einen Server von Google in den USA \u00fcbertragen und dort gespeichert.<\/p>\n<p>Detaillierte Informationen zur Datenschutzerkl\u00e4rung erhalten Sie unter: <a href=\"https:\/\/support.google.com\/analytics\/answer\/6004245?hl=de\" target=\"_blank\" rel=\"noopener\">https:\/\/support.google.com\/analytics\/answer\/6004245?hl=de<\/a><\/p>\n<p>Opt-Out: Bei Google Analytics k\u00f6nnen Sie mittels Browser Add-on <a href=\"https:\/\/tools.google.com\/dlpage\/gaoptout?hl=de\" target=\"_blank\" rel=\"noopener\">https:\/\/tools.google.com\/dlpage\/gaoptout?hl=de<\/a> die Aufzeichnung von pers\u00f6nlichen Daten unterbinden.<\/p>\n<p><strong>Werbedienste<\/strong><br \/>\n<strong>Google Remarketing<\/strong><br \/>\nWir nutzen Google Remarketing, um zielgerichtete und auf die Bed\u00fcrfnisse der User zugeschnittene Banner und Textanzeigen zu schalten.<\/p>\n<p>Bei der Nutzung unserer Webseite registrieren Cookies und Ad Server Ihren Besuch sowie Ihr Interesse an spezifischen Produkten oder Dienstleistungen. Durch die Zuordnung des Nutzungsverhaltens unserer Webseite zu einem spezifischen User k\u00f6nnen zu einem sp\u00e4teren Zeitpunkt auf externen Webseiten Ads geschaltet werden, die seinen Interessen entsprechen.<\/p>\n<p>Sollten Sie die Anzeige oben genannter Ads deaktivieren wollen, besuchen Sie folgende Seite: <a href=\"https:\/\/support.google.com\/ads\/answer\/2662922?hl=de\" target=\"_blank\" rel=\"noopener\">https:\/\/support.google.com\/ads\/answer\/2662922?hl=de<\/a><\/p>\n<p><strong>Google Tag Manager<\/strong><br \/>\nDetaillierte Informationen zur Datenschutzerkl\u00e4rung erhalten Sie unter: <a href=\"https:\/\/support.google.com\/adwords\/answer\/2549116?hl=de&amp;ref_topic=3123080\" target=\"_blank\" rel=\"noopener\">https:\/\/support.google.com\/adwords\/answer\/2549116?hl=de&amp;ref_topic=3123080<\/a><\/p>\n<p>Opt-Out: Sie k\u00f6nnen benutzerbezogene Werbeangebote unter folgendem Link deaktivieren: <a href=\"http:\/\/www.google.com\/settings\/ads\" target=\"_blank\" rel=\"noopener\">http:\/\/www.google.com\/settings\/ads<\/a><\/p>\n<p><strong>Facebook Pixel<\/strong><br \/>\nWenn Sie unsere Seiten besuchen, wird \u00fcber das Facebook Pixel eine direkte Verbindung zwischen Ihrem Browser und dem Facebook-Server hergestellt. Facebook erh\u00e4lt dadurch die Information, dass Sie mit Ihrer IP-Adresse unsere Seite besucht haben. Dadurch kann Facebook den Besuch unserer Seiten Ihrem Benutzerkonto zuordnen. Die so erhaltenen Informationen k\u00f6nnen wir f\u00fcr die Anzeige von Facebook Ads oder f\u00fcr Tracking-Funktionalit\u00e4ten nutzen.<\/p>\n<p>Detaillierte Informationen zur Datenschutzerkl\u00e4rung erhalten Sie unter:<br \/>\n<a href=\"https:\/\/www.facebook.com\/about\/privacy\/\" target=\"_blank\" rel=\"noopener\">https:\/\/www.facebook.com\/about\/privacy\/<\/a><\/p>\n<p>Opt-Out: Falls Sie keine Datenerfassung via Custom Audience w\u00fcnschen, k\u00f6nnen Sie Custom Audiences hier <a href=\"https:\/\/www.facebook.com\/ads\/website_custom_audiences\/\" target=\"_blank\" rel=\"noopener\">https:\/\/www.facebook.com\/ads\/website_custom_audiences\/<\/a> deaktivieren.<\/p>\n<p><strong>Newsletter<\/strong><br \/>\nIhre E-Mail-Adresse, die Sie bei der Newsletter Anmeldung angeben haben, wird dazu verwendet, um Ihnen Informationen zu unserem Angebot zukommen zu lassen. Sie k\u00f6nnen dieser Nutzung jederzeit widersprechen in dem Sie im E-Mail auf den Unsubscribe-Link klicken.<\/p>\n<p><strong>Cookies<\/strong><br \/>\nCookies sind kleine Dateien, die es erm\u00f6glichen, auf dem Zugriffsger\u00e4t der Nutzer (PC, Smartphone o.\u00e4.) spezifische, auf das Ger\u00e4t bezogene Informationen zu speichern. Sie dienen zum einen der Benutzerfreundlichkeit von Webseiten und damit den Nutzern (z.B. Speicherung von Logindaten), zum anderen dienen sie dazu, die statistische Daten der Webseitennutzung zu erfassen und sie zwecks Verbesserung des Angebotes analysieren zu k\u00f6nnen. Die Nutzer k\u00f6nnen auf den Einsatz der Cookies Einfluss nehmen. Die meisten Browser verf\u00fcgen \u00fcber eine Option mit der das Speichern von Cookies eingeschr\u00e4nkt oder komplett verhindert werden kann. Allerdings wird darauf hingewiesen, dass die Nutzung und insbesondere der Nutzungskomfort ohne Cookies eingeschr\u00e4nkt werden.<\/p>\n<p>Sie k\u00f6nnen viele Online-Anzeigen-Cookies von Unternehmen \u00fcber die US-amerikanische Seite <a href=\"http:\/\/www.aboutads.info\/choices\/\" target=\"_blank\" rel=\"noopener\">http:\/\/www.aboutads.info\/choices\/<\/a> oder die EU-Seite <a href=\"http:\/\/www.youronlinechoices.com\/uk\/your-ad-choices\/\" target=\"_blank\" rel=\"noopener\">http:\/\/www.youronlinechoices.com\/uk\/your-ad-choices\/<\/a> verwalten.<\/p>\n<p><strong>Fragen zum Datenschutz<\/strong><br \/>\nHaben Sie Fragen zu dieser Datenschutzerkl\u00e4rung oder zur Verwendung Ihrer Daten, dann wenden Sie sich an uns.<\/p>\n<p><strong>Rechtsgrundlage<\/strong><br \/>\nDas Datenschutzgesetz (DSG) <a href=\"https:\/\/www.admin.ch\/opc\/de\/classified-compilation\/19920153\/index.html\" target=\"_blank\" rel=\"noopener\">https:\/\/www.admin.ch\/opc\/de\/classified-compilation\/19920153\/index.html<\/a> dient als Grundlage dieser Datenschutzerkl\u00e4rung.<\/p>\n<p>Letzte Aktualisierung: 22.05.2018<\/p>\n","protected":false},"excerpt":{"rendered":"<p>VERANTWORTLICH F\u00dcR DEN INHALT DIESER WEBSEITE La Zoupa AG Grubenstrasse 9 CH-8045 Z\u00fcrich contact@lazoupa.ch \/ +41 44 457 70 63 DATENSCHUTZ Der Schutz Ihrer Privatsph\u00e4re ist uns wichtig. Wir setzen auf einen transparenten Umgang mit Ihren Daten. Nachfolgend zeigen wir auf, welche personenbezogene Daten beim Benutzen dieser Webseite gespeichert werden und wie mit den Daten [&hellip;]<\/p>\n","protected":false},"author":1,"featured_media":0,"parent":0,"menu_order":0,"comment_status":"closed","ping_status":"closed","template":"","meta":{"footnotes":""},"class_list":["post-695","page","type-page","status-publish","hentry"],"translation":{"provider":"WPGlobus","version":"2.10.10","language":"fr","enabled_languages":["de","en","fr"],"languages":{"de":{"title":true,"content":true,"excerpt":false},"en":{"title":false,"content":false,"excerpt":false},"fr":{"title":false,"content":false,"excerpt":false}}},"acf":[],"_links":{"self":[{"href":"https:\/\/www.lazoupa.ch\/fr\/wp-json\/wp\/v2\/pages\/695","targetHints":{"allow":["GET"]}}],"collection":[{"href":"https:\/\/www.lazoupa.ch\/fr\/wp-json\/wp\/v2\/pages"}],"about":[{"href":"https:\/\/www.lazoupa.ch\/fr\/wp-json\/wp\/v2\/types\/page"}],"author":[{"embeddable":true,"href":"https:\/\/www.lazoupa.ch\/fr\/wp-json\/wp\/v2\/users\/1"}],"replies":[{"embeddable":true,"href":"https:\/\/www.lazoupa.ch\/fr\/wp-json\/wp\/v2\/comments?post=695"}],"version-history":[{"count":6,"href":"https:\/\/www.lazoupa.ch\/fr\/wp-json\/wp\/v2\/pages\/695\/revisions"}],"predecessor-version":[{"id":2245,"href":"https:\/\/www.lazoupa.ch\/fr\/wp-json\/wp\/v2\/pages\/695\/revisions\/2245"}],"wp:attachment":[{"href":"https:\/\/www.lazoupa.ch\/fr\/wp-json\/wp\/v2\/media?parent=695"}],"curies":[{"name":"wp","href":"https:\/\/api.w.org\/{rel}","templated":true}]}}