{"id":705,"date":"2018-05-25T12:06:48","date_gmt":"2018-05-25T12:06:48","guid":{"rendered":"https:\/\/www.lazoupa.ch\/?page_id=705"},"modified":"2018-05-25T12:06:48","modified_gmt":"2018-05-25T12:06:48","slug":"agb","status":"publish","type":"page","link":"https:\/\/www.lazoupa.ch\/fr\/agb\/","title":{"rendered":"AGB"},"content":{"rendered":"<h2>1. Geltung der AGB<\/h2>\n<p>Diese Allgemeinen Gesch\u00e4ftsbedingungen (nachfolgend &#8220;AGB&#8221;) der LaZoupa AG (nachfolgend &#8220;Verk\u00e4ufer&#8221;), gelten f\u00fcr alle Vertr\u00e4ge \u00fcber die Lieferung von Waren, die ein Verbraucher oder Unternehmer (nachfolgend \u201eKunde oder Besteller\u201c) mit dem Verk\u00e4ufer hinsichtlich der vom Verk\u00e4ufer in seinem Online-Shop dargestellten Waren abschlie\u00dft.<br \/>\nDer Verk\u00e4ufer erbringt alle Lieferungen und Leistungen auf der Basis der nachfolgenden AGB, in der zum Zeitpunkt der Bestellung g\u00fcltigen Fassung. Diese AGB\u00a0gelten auf unbestimmte Zeit, solange sie nicht von den Parteien in schriftlicher Vereinbarung ge\u00e4ndert wurden. Im \u00dcbrigen gelten die Bestimmungen des\u00a0OR \u00fcber den Kaufvertrag sowie andere schweizerische Gesetze und Verordnungen. Sollte eine Bestimmung dieser AGB unwirksam sein oder besteht\u00a0eine L\u00fccke, so bleibt die Rechtswirksamkeit der \u00fcbrigen Bestimmungen hiervon unber\u00fchrt. Anstelle der unwirksamen Bestimmungen gilt eine wirksame\u00a0Bestimmung als von Anfang an vereinbart, die der von den Parteien gewollten wirtschaftlich am n\u00e4chsten kommt. Das gleiche gilt im Falle einer L\u00fccke.<\/p>\n<h2>2. Angebot und Vertragsabschluss<\/h2>\n<p>Preislisten, Prospekte und Ver\u00f6ffentlichungen per Internet des Verk\u00e4ufers sind grunds\u00e4tzlich unverbindlich. Ein Angebot ist bis auf Widerruf g\u00fcltig, sofern nicht\u00a0schriftlich etwas anderes vereinbart wurde. Der Vertrag kommt mit Abgabe der Bestellung zustande. Die Bestellbedingungen finden Sie auf unserer\u00a0Website. In F\u00e4llen von offensichtlichen Schreib- und Rechnungsfehler ist der Verk\u00e4ufer zum R\u00fccktritt vom Vertrag berechtigt. Kommt ein Vertragsabschluss zustande, ist der Kunde einverstanden Informationen \u00fcber Neuigkeiten, Aktionen usw. in regelm\u00e4\u00dfigen zeitlichen Abst\u00e4nden zu erhalten.<br \/>\nDer Kunde kann das Angebot \u00fcber das in den Online-Shop des Verk\u00e4ufers integrierte Online-Bestellformular abgeben. Dabei gibt der Kunde, nachdem er die ausgew\u00e4hlten Waren in den virtuellen Warenkorb gelegt und den elektronischen Bestellprozess durchlaufen hat, durch Klicken des den Bestellvorgang abschlie\u00dfenden Buttons ein rechtlich verbindliches Vertragsangebot in Bezug auf die im Warenkorb enthaltenen Waren ab. Ferner kann der Kunde das Angebot auch telefonisch, per E-Mail oder postalisch gegen\u00fcber dem Verk\u00e4ufer abgeben.<\/p>\n<p>Sofern sich aus der Produktbeschreibung des Verk\u00e4ufers nichts anderes ergibt, handelt es sich bei den angegebenen Preisen um Gesamtpreise, die die gesetzliche Mehrwertsteuer enthalten. Gegebenenfalls zus\u00e4tzlich anfallende Liefer- und Versandkosten werden in den Versandbedingungen gesondert angegeben. Alle Preise sind in CHF angegeben.<br \/>\nDie Zahlungsm\u00f6glichkeit\/en wird\/werden dem Kunden im Online-Shop des Verk\u00e4ufers mitgeteilt.<\/p>\n<p>Die Bestellabwicklung und Kontaktaufnahme finden in der Regel per E-Mail und automatisierter Bestellabwicklung statt. Der Kunde hat sicherzustellen, dass die von ihm zur Bestellabwicklung angegebene E-Mail-Adresse zutreffend ist, so dass unter dieser Adresse die vom Verk\u00e4ufer versandten E-Mails empfangen werden k\u00f6nnen. Insbesondere hat der Kunde bei dem Einsatz von SPAM-Filtern sicherzustellen, dass alle vom Verk\u00e4ufer oder von diesem mit der Bestellabwicklung beauftragten Dritten versandten E-Mails zugestellt werden k\u00f6nnen.<\/p>\n<h2>3. Lieferung und Termine<\/h2>\n<p>Die Ware wird an alle Postanschriften in der Schweiz geliefert. Bei Lieferungen in das Ausland nimmt der Verk\u00e4ufer mit dem Besteller Kontakt auf um die\u00a0Lieferkosten mitzuteilen, ebenfalls \u00fcbernimmt der Besteller die zus\u00e4tzlichen Steuern und Z\u00f6lle. Der Besteller ist verpflichtet, die Ware abzunehmen und zu bezahlen. Bei Lieferengp\u00e4ssen wird der Besteller dar\u00fcber informiert und hat dann das Recht, innerhalb von 10 Tagen\u00a0schriftlich vom Vertrag zur\u00fccktreten. Die Termine werden angemessen verschoben, wenn Hindernisse auftreten, die au\u00dferhalb des Willens des\u00a0Verk\u00e4ufers liegen (erhebliche Betriebsst\u00f6rungen, versp\u00e4tete oder fehlerhafte Zulieferungen etc).<\/p>\n<p>Bei sonstigen Verz\u00f6gerungen kann der Besteller:<br \/>\nI. \u00a0auf weitere Lieferungen verzichten: Dies hat er dem Verk\u00e4ufer unverz\u00fcglich mitzuteilen.<br \/>\nII. dem Verk\u00e4ufer eine angemessene Frist zur nachtr\u00e4glichen Erf\u00fcllung ansetzen: Erf\u00fcllt der Verk\u00e4ufer bis zum Ablauf dieser Nachfrist nicht, darf der Kunde, sofern er es\u00a0sofort erkl\u00e4rt, auf die nachtr\u00e4gliche Leistung verzichten oder vom Vertrag zur\u00fccktreten.<\/p>\n<p>Der Verk\u00e4ufer muss den Kunden so rasch wie m\u00f6glich \u00fcber Verz\u00f6gerungen informieren. Der Verk\u00e4ufer ist zu Teillieferungen berechtigt. Die zus\u00e4tzlich anfallenden\u00a0Versandkosten bei Teillieferungen \u00fcbernimmt der Verk\u00e4ufer.<\/p>\n<p>Sendet das Transportunternehmen die versandte Ware an den Verk\u00e4ufer zur\u00fcck, da eine Zustellung beim Kunden nicht m\u00f6glich war, tr\u00e4gt der Kunde die Kosten f\u00fcr den erfolglosen Versand. Dies gilt nicht, wenn der Kunde sein Widerrufsrecht wirksam aus\u00fcbt, wenn er den Umstand, der zur Unm\u00f6glichkeit der Zustellung gef\u00fchrt hat, nicht zu vertreten hat oder wenn er vor\u00fcbergehend an der Annahme der angebotenen Leistung verhindert war, es sei denn, dass der Verk\u00e4ufer ihm die Leistung eine angemessene Zeit vorher angek\u00fcndigt hatte.<\/p>\n<h2>4. Vertragserf\u00fcllung<\/h2>\n<p>F\u00fcr Umfang und Ausf\u00fchrung der Lieferung ist die Best\u00e4tigung des Verk\u00e4ufers ma\u00dfgebend. Soweit kein besonderer Erf\u00fcllungsort von den Parteien verabredet ist\u00a0oder aus der Natur des Gesch\u00e4ftes hervorgeht, gilt als Lieferung die Bereitstellung der Produkte in der Verteilzentrale des Verk\u00e4ufers. Wenn nicht ausdr\u00fccklich\u00a0anders vereinbart, gehen Nutzen und Gefahr mit Abgang der Ware vom Verk\u00e4ufer auf den Besteller \u00fcber.<\/p>\n<h2>5. R\u00fcckgaberecht und Gew\u00e4hrleistung<\/h2>\n<p>Die Preise werden im Angebot angegeben und sind im Rahmen des Bestellvorgangs unverbindlich. Lieferungen erfolgen innerhalb der Schweiz per\u00a0Rechnung oder per Vorauszahlung. Die Einzahlung hat innert 10 Tagen zu erfolgen.<\/p>\n<p>Werden Zahlungsbedingungen nicht eingehalten, ist der Verk\u00e4ufer berechtigt,<br \/>\nI. \u00a0 Forderungen gegen den Besteller sofort zu stellen<br \/>\nII. \u00a0oder f\u00fcr alle ausstehenden Forderungen Sicherheiten zu verlangen<br \/>\nIII. und\/oder noch ausstehende Lieferungen nur gegen Vorauszahlung auszuf\u00fchren.<\/p>\n<p>Sind Sicherheitsleistungen oder Zahlungen auch bei Ablauf einer angemessenen Nachfrist noch nicht erbracht, kann der Verk\u00e4ufer vom Vertrag zur\u00fccktreten,\u00a0auch wenn die Waren oder ein Teil davon bereits geliefert wurden. Wenn der Besteller die Zahlungsbedingungen nicht erf\u00fcllt, ist der Verk\u00e4ufer berechtigt,\u00a0Schadenersatz zu verlangen.<\/p>\n<h2>6. Gew\u00e4hrleistung<\/h2>\n<p>Wenn M\u00e4ngel an gelieferter Ware durch den Besteller belegt werden, wird der Verk\u00e4ufer in angemessener Zeit entweder f\u00fcr die M\u00e4ngelbeseitigung oder die\u00a0Ersatzlieferung aufkommen. Gelingt dem Verk\u00e4ufer dies nicht, hat der Besteller nach seiner Wahl das Recht auf R\u00fcckg\u00e4ngigmachung des Kaufs oder\u00a0Herabsetzung des Kaufpreises.<br \/>\nVon der Gew\u00e4hrleistung ausgeschlossen sind M\u00e4ngel und St\u00f6rungen, die der Verk\u00e4ufer nicht zu vertreten hat, wie nat\u00fcrliche Abn\u00fctzung, h\u00f6here Gewalt,\u00a0unsachgem\u00e4sse Behandlung, Eingriffe des Kunden oder Dritter, \u00fcberm\u00e4\u00dfige Beanspruchung oder extreme Umgebungseinfl\u00fcsse.<br \/>\nWenn der Kunde die Produkte weiterverkauft, ist er verantwortlich f\u00fcr die Einhaltung von in- und ausl\u00e4ndischen Exportvorschriften. Ver\u00e4ndert der Kunde\u00a0die weiterverkauften Produkte, ist er f\u00fcr die daraus entstehenden Sch\u00e4den gegen\u00fcber dem Verk\u00e4ufer, dem K\u00e4ufer oder Dritten haftbar. Vorbehalten bleiben die\u00a0Vorschriften des Produktehaftpflichtgesetzes.<\/p>\n<h2>7. Informationspflicht<\/h2>\n<p>Die Parteien informieren sich rechtzeitig \u00fcber Hindernisse, welche die vertragsm\u00e4ssige Erf\u00fcllung in Frage stellen oder zu unzweckm\u00e4ssigen L\u00f6sungen\u00a0f\u00fchren k\u00f6nnen.<\/p>\n<h2>8. R\u00fccknahme<\/h2>\n<p>Die gelieferte Ware wird grunds\u00e4tzlich vom Verk\u00e4ufer nicht zur\u00fcckgenommen.<\/p>\n<h2>9. Schlussbestimmungen<\/h2>\n<p>Gerichtsstand ist Z\u00fcrich Der Verk\u00e4ufer darf jedoch auch das Gericht am Sitz des Kunden aufrufen. Es kommt ausschlie\u00dflich schweizerisches Recht zur\u00a0Anwendung, auch wenn aus dem Ausland bestellt oder in das Ausland geliefert wird.\u00a0Die Parteien werden sich bem\u00fchen, etwaige Streitigkeiten, die sich aus der Durchf\u00fchrung dieses Vertrages ergeben, auf g\u00fctlichem Wege beizulegen.<br \/>\nMit Bestellung von Ware durch den Besteller gelten diese allgemeinen Gesch\u00e4ftsbedingungen als akzeptiert.<br \/>\n\u00c4nderungen oder Erg\u00e4nzungen der allgemeinen Gesch\u00e4ftsbedingungen erfolgen ausschlie\u00dflich durch den Verk\u00e4ufer. Sie m\u00fcssen schriftlich erfolgen.<\/p>\n","protected":false},"excerpt":{"rendered":"<p>1. Geltung der AGB Diese Allgemeinen Gesch\u00e4ftsbedingungen (nachfolgend &#8220;AGB&#8221;) der LaZoupa AG (nachfolgend &#8220;Verk\u00e4ufer&#8221;), gelten f\u00fcr alle Vertr\u00e4ge \u00fcber die Lieferung von Waren, die ein Verbraucher oder Unternehmer (nachfolgend \u201eKunde oder Besteller\u201c) mit dem Verk\u00e4ufer hinsichtlich der vom Verk\u00e4ufer in seinem Online-Shop dargestellten Waren abschlie\u00dft. Der Verk\u00e4ufer erbringt alle Lieferungen und Leistungen auf der Basis [&hellip;]<\/p>\n","protected":false},"author":1,"featured_media":0,"parent":0,"menu_order":0,"comment_status":"closed","ping_status":"closed","template":"","meta":{"footnotes":""},"class_list":["post-705","page","type-page","status-publish","hentry"],"translation":{"provider":"WPGlobus","version":"2.10.10","language":"fr","enabled_languages":["de","en","fr"],"languages":{"de":{"title":true,"content":true,"excerpt":false},"en":{"title":false,"content":false,"excerpt":false},"fr":{"title":false,"content":false,"excerpt":false}}},"acf":[],"_links":{"self":[{"href":"https:\/\/www.lazoupa.ch\/fr\/wp-json\/wp\/v2\/pages\/705","targetHints":{"allow":["GET"]}}],"collection":[{"href":"https:\/\/www.lazoupa.ch\/fr\/wp-json\/wp\/v2\/pages"}],"about":[{"href":"https:\/\/www.lazoupa.ch\/fr\/wp-json\/wp\/v2\/types\/page"}],"author":[{"embeddable":true,"href":"https:\/\/www.lazoupa.ch\/fr\/wp-json\/wp\/v2\/users\/1"}],"replies":[{"embeddable":true,"href":"https:\/\/www.lazoupa.ch\/fr\/wp-json\/wp\/v2\/comments?post=705"}],"version-history":[{"count":1,"href":"https:\/\/www.lazoupa.ch\/fr\/wp-json\/wp\/v2\/pages\/705\/revisions"}],"predecessor-version":[{"id":706,"href":"https:\/\/www.lazoupa.ch\/fr\/wp-json\/wp\/v2\/pages\/705\/revisions\/706"}],"wp:attachment":[{"href":"https:\/\/www.lazoupa.ch\/fr\/wp-json\/wp\/v2\/media?parent=705"}],"curies":[{"name":"wp","href":"https:\/\/api.w.org\/{rel}","templated":true}]}}