{"id":9,"date":"2017-11-08T11:18:35","date_gmt":"2017-11-08T11:18:35","guid":{"rendered":"https:\/\/www.lazoupa.ch\/?page_id=9"},"modified":"2025-04-15T15:49:01","modified_gmt":"2025-04-15T15:49:01","slug":"in-lebensmittelgeschaeften","status":"publish","type":"page","link":"https:\/\/www.lazoupa.ch\/fr\/in-lebensmittelgeschaeften\/","title":{"rendered":"In Lebensmittelgesch\u00e4ften"},"content":{"rendered":"<p>LaZoupa ist da erh\u00e4ltlich, wo die Lebensqualit\u00e4t des Kunden im Vordergrund steht. Richtig gute Adressen, die nichts anbieten, von dem sie nicht \u00fcberzeugt sind. Im Lebensmittelhandel findest du LaZoupa im Tiefk\u00fchlregal.<\/p>\n","protected":false},"excerpt":{"rendered":"<p>LaZoupa ist da erh\u00e4ltlich, wo die Lebensqualit\u00e4t des Kunden im Vordergrund steht. Richtig gute Adressen, die nichts anbieten, von dem sie nicht \u00fcberzeugt sind. Im Lebensmittelhandel findest du LaZoupa im Tiefk\u00fchlregal.<\/p>\n","protected":false},"author":1,"featured_media":1200,"parent":0,"menu_order":0,"comment_status":"closed","ping_status":"closed","template":"template-grocery-stores.php","meta":{"footnotes":""},"class_list":["post-9","page","type-page","status-publish","has-post-thumbnail","hentry"],"translation":{"provider":"WPGlobus","version":"2.10.10","language":"fr","enabled_languages":["de","en","fr"],"languages":{"de":{"title":true,"content":true,"excerpt":false},"en":{"title":false,"content":false,"excerpt":false},"fr":{"title":false,"content":false,"excerpt":false}}},"acf":[],"_links":{"self":[{"href":"https:\/\/www.lazoupa.ch\/fr\/wp-json\/wp\/v2\/pages\/9","targetHints":{"allow":["GET"]}}],"collection":[{"href":"https:\/\/www.lazoupa.ch\/fr\/wp-json\/wp\/v2\/pages"}],"about":[{"href":"https:\/\/www.lazoupa.ch\/fr\/wp-json\/wp\/v2\/types\/page"}],"author":[{"embeddable":true,"href":"https:\/\/www.lazoupa.ch\/fr\/wp-json\/wp\/v2\/users\/1"}],"replies":[{"embeddable":true,"href":"https:\/\/www.lazoupa.ch\/fr\/wp-json\/wp\/v2\/comments?post=9"}],"version-history":[{"count":103,"href":"https:\/\/www.lazoupa.ch\/fr\/wp-json\/wp\/v2\/pages\/9\/revisions"}],"predecessor-version":[{"id":2851,"href":"https:\/\/www.lazoupa.ch\/fr\/wp-json\/wp\/v2\/pages\/9\/revisions\/2851"}],"wp:featuredmedia":[{"embeddable":true,"href":"https:\/\/www.lazoupa.ch\/fr\/wp-json\/wp\/v2\/media\/1200"}],"wp:attachment":[{"href":"https:\/\/www.lazoupa.ch\/fr\/wp-json\/wp\/v2\/media?parent=9"}],"curies":[{"name":"wp","href":"https:\/\/api.w.org\/{rel}","templated":true}]}}