{"id":1638,"date":"2021-02-04T16:43:13","date_gmt":"2021-02-04T16:43:13","guid":{"rendered":"https:\/\/www.lazoupa.ch\/?post_type=product&#038;p=1638"},"modified":"2026-03-06T15:40:40","modified_gmt":"2026-03-06T15:40:40","slug":"tom-kha-mit-gemuese-2","status":"publish","type":"product","link":"https:\/\/www.lazoupa.ch\/fr\/product\/tom-kha-mit-gemuese-2\/","title":{"rendered":"Tom Kha mit Gem\u00fcse"},"content":{"rendered":"<p>Kein Poulet, daf\u00fcr aber mit umso mehr exotischem Thai-Gem\u00fcse.<\/p>\n","protected":false},"excerpt":{"rendered":"<p>Kein Poulet, daf\u00fcr aber mit umso mehr exotischem Thai-Gem\u00fcse.<\/p>\n","protected":false},"featured_media":253,"comment_status":"closed","ping_status":"closed","template":"","meta":[],"product_cat":[41,42],"product_tag":[39,40,36,29],"class_list":["post-1638","product","type-product","status-publish","has-post-thumbnail","hentry","product_cat-suppen","product_cat-zurueckallegerichteanzeigen","product_tag-glutenfrei","product_tag-laktosefrei","product_tag-vegan","product_tag-vegetarisch"],"translation":{"provider":"WPGlobus","version":"2.10.10","language":"fr","enabled_languages":["de","en","fr"],"languages":{"de":{"title":true,"content":true,"excerpt":false},"en":{"title":false,"content":false,"excerpt":false},"fr":{"title":false,"content":false,"excerpt":false}}},"acf":[],"_links":{"self":[{"href":"https:\/\/www.lazoupa.ch\/fr\/wp-json\/wp\/v2\/product\/1638","targetHints":{"allow":["GET"]}}],"collection":[{"href":"https:\/\/www.lazoupa.ch\/fr\/wp-json\/wp\/v2\/product"}],"about":[{"href":"https:\/\/www.lazoupa.ch\/fr\/wp-json\/wp\/v2\/types\/product"}],"replies":[{"embeddable":true,"href":"https:\/\/www.lazoupa.ch\/fr\/wp-json\/wp\/v2\/comments?post=1638"}],"wp:featuredmedia":[{"embeddable":true,"href":"https:\/\/www.lazoupa.ch\/fr\/wp-json\/wp\/v2\/media\/253"}],"wp:attachment":[{"href":"https:\/\/www.lazoupa.ch\/fr\/wp-json\/wp\/v2\/media?parent=1638"}],"wp:term":[{"taxonomy":"product_cat","embeddable":true,"href":"https:\/\/www.lazoupa.ch\/fr\/wp-json\/wp\/v2\/product_cat?post=1638"},{"taxonomy":"product_tag","embeddable":true,"href":"https:\/\/www.lazoupa.ch\/fr\/wp-json\/wp\/v2\/product_tag?post=1638"}],"curies":[{"name":"wp","href":"https:\/\/api.w.org\/{rel}","templated":true}]}}