{"id":1752,"date":"2021-03-12T15:38:46","date_gmt":"2021-03-12T15:38:46","guid":{"rendered":"https:\/\/www.lazoupa.ch\/?post_type=product&#038;p=1752"},"modified":"2026-02-19T13:19:26","modified_gmt":"2026-02-19T13:19:26","slug":"rote-linsensuppe-mit-gemuese-und-curry","status":"publish","type":"product","link":"https:\/\/www.lazoupa.ch\/fr\/product\/rote-linsensuppe-mit-gemuese-und-curry\/","title":{"rendered":"Rote Linsensuppe mit Gem\u00fcse und Curry"},"content":{"rendered":"<p>Achtung, diese Suppe hat Suchtpotenzial. Kokosmilch, Gem\u00fcse und gr\u00fcnes Curry.<\/p>\n","protected":false},"excerpt":{"rendered":"<p>Achtung, diese Suppe hat Suchtpotenzial. Kokosmilch, Gem\u00fcse und gr\u00fcnes Curry.<\/p>\n","protected":false},"featured_media":245,"comment_status":"closed","ping_status":"closed","template":"","meta":[],"product_cat":[41,20,19,42],"product_tag":[40,36,29],"class_list":["post-1752","product","type-product","status-publish","has-post-thumbnail","hentry","product_cat-suppen","product_cat-vegetarische-suppen","product_cat-vegane-suppen","product_cat-zurueckallegerichteanzeigen","product_tag-laktosefrei","product_tag-vegan","product_tag-vegetarisch"],"translation":{"provider":"WPGlobus","version":"2.10.10","language":"fr","enabled_languages":["de","en","fr"],"languages":{"de":{"title":true,"content":true,"excerpt":false},"en":{"title":false,"content":false,"excerpt":false},"fr":{"title":false,"content":false,"excerpt":false}}},"acf":[],"_links":{"self":[{"href":"https:\/\/www.lazoupa.ch\/fr\/wp-json\/wp\/v2\/product\/1752","targetHints":{"allow":["GET"]}}],"collection":[{"href":"https:\/\/www.lazoupa.ch\/fr\/wp-json\/wp\/v2\/product"}],"about":[{"href":"https:\/\/www.lazoupa.ch\/fr\/wp-json\/wp\/v2\/types\/product"}],"replies":[{"embeddable":true,"href":"https:\/\/www.lazoupa.ch\/fr\/wp-json\/wp\/v2\/comments?post=1752"}],"wp:featuredmedia":[{"embeddable":true,"href":"https:\/\/www.lazoupa.ch\/fr\/wp-json\/wp\/v2\/media\/245"}],"wp:attachment":[{"href":"https:\/\/www.lazoupa.ch\/fr\/wp-json\/wp\/v2\/media?parent=1752"}],"wp:term":[{"taxonomy":"product_cat","embeddable":true,"href":"https:\/\/www.lazoupa.ch\/fr\/wp-json\/wp\/v2\/product_cat?post=1752"},{"taxonomy":"product_tag","embeddable":true,"href":"https:\/\/www.lazoupa.ch\/fr\/wp-json\/wp\/v2\/product_tag?post=1752"}],"curies":[{"name":"wp","href":"https:\/\/api.w.org\/{rel}","templated":true}]}}